{"id":1029,"date":"2025-11-05T06:57:33","date_gmt":"2025-11-05T06:57:33","guid":{"rendered":"https:\/\/www.alfatasarim.net.tr\/jeomed\/?page_id=1029"},"modified":"2025-11-05T12:12:16","modified_gmt":"2025-11-05T12:12:16","slug":"k-v-k-k","status":"publish","type":"page","link":"https:\/\/www.alfatasarim.net.tr\/jeomed\/k-v-k-k\/","title":{"rendered":"K.V.K.K."},"content":{"rendered":"\t\t<div data-elementor-type=\"wp-page\" data-elementor-id=\"1029\" class=\"elementor elementor-1029\" data-elementor-post-type=\"page\">\n\t\t\t\t\t\t<section class=\"elementor-section elementor-top-section elementor-element elementor-element-4700077 pbmit-col-stretched-none pbmit-bg-color-over-image elementor-section-boxed elementor-section-height-default elementor-section-height-default\" data-id=\"4700077\" data-element_type=\"section\">\n\t\t\t\t\t\t<div class=\"elementor-container elementor-column-gap-default\">\n\t\t\t\t\t<div class=\"elementor-column elementor-col-100 elementor-top-column elementor-element elementor-element-daac8c7 pbmit-bg-color-over-image\" data-id=\"daac8c7\" data-element_type=\"column\">\n\t\t\t<div class=\"elementor-widget-wrap elementor-element-populated\">\n\t\t\t\t\t\t<div class=\"elementor-element elementor-element-c891447 elementor-widget elementor-widget-text-editor\" data-id=\"c891447\" data-element_type=\"widget\" data-widget_type=\"text-editor.default\">\n\t\t\t\t<div class=\"elementor-widget-container\">\n\t\t\t\t\t\t\t\t\t<div id=\"metin-kutusu\"><strong>KVKK Ayd\u0131nlatma Metni<\/strong><p><strong>K\u0130\u015e\u0130SEL VER\u0130LER\u0130N KORUNMASI VE \u0130\u015eLENMES\u0130 HAKKINDA AYDINLATMA METN\u0130<\/strong><\/p><p>6698 say\u0131l\u0131 Ki\u015fisel Verilerin Korunmas\u0131 Kanunu (\u201cKVKK\u201d) h\u00fck\u00fcmleri gere\u011fi kimli\u011finizi belirli veya belirlenebilir k\u0131lan her t\u00fcrl\u00fc bilginiz, \u00f6zel nitelikli ki\u015fisel verileriniz de dahil olmak \u00fczere, Ki\u015fisel Veri olarak a\u015fa\u011f\u0131daki kapsamda, Veri Sorumlusu s\u0131fat\u0131yla\u00a0<b>JEOMED \u0130LA\u00c7 ve SA\u011eLIK \u00dcR\u00dcNLER\u0130 A.\u015e.<\/b>\u00a0(https:\/\/www.jeomed.com) taraf\u0131ndan i\u015flenecektir. \u201cKi\u015fisel Verilerinizin i\u015flenmesi\u201d ise bu verilerin elde edilmesi, kaydedilmesi, depolanmas\u0131, muhafaza edilmesi, de\u011fi\u015ftirilmesi, yeniden d\u00fczenlenmesi, a\u00e7\u0131klanmas\u0131, aktar\u0131lmas\u0131, devral\u0131nmas\u0131, elde edilebilir hale getirilmesi, s\u0131n\u0131fland\u0131r\u0131lmas\u0131 ya da kullan\u0131lmas\u0131n\u0131n engellenmesi ve imhas\u0131 gibi veriler \u00fczerinde ger\u00e7ekle\u015ftirilen her t\u00fcrl\u00fc i\u015flemi ifade etmektedir.<\/p><p>\u015eirketimiz ile abone, m\u00fc\u015fteri, tedarik\u00e7i, t\u00fcketici, ziyaret\u00e7i, i\u015f orta\u011f\u0131 veya \u00e7al\u0131\u015fan s\u0131fat\u0131 ile payla\u015ft\u0131\u011f\u0131n\u0131z ki\u015fisel verileriniz KVKK\u2019ya uygun \u015fekilde, faaliyet ve hizmet ama\u00e7lar\u0131m\u0131z ile ba\u011flant\u0131l\u0131 ve \u00f6l\u00e7\u00fcl\u00fc olarak i\u015flenebilecek, yurt i\u00e7i ve yurt d\u0131\u015f\u0131ndaki \u00fc\u00e7\u00fcnc\u00fc ki\u015filere aktar\u0131labilecek, saklanacak, profilleme i\u00e7in kullan\u0131labilecek ve s\u0131n\u0131fland\u0131r\u0131labilecektir.<\/p><p>https:\/\/www.jeomed.com, olarak ki\u015fisel verilerinizin g\u00fcvenli\u011fine en \u00fcst d\u00fczeyde \u00f6nem vererek, sizlere sundu\u011fumuz t\u00fcm \u00fcr\u00fcn ve hizmetlerimizde ki\u015fisel verilerinizin hukuka uygun olarak toplanmas\u0131, saklanmas\u0131, i\u015flenmesi, gerekmesi durumunda payla\u015f\u0131lmas\u0131 s\u0131ras\u0131nda gizlili\u011finizi korumak amac\u0131yla m\u00fcmk\u00fcn olan en \u00fcst seviyede g\u00fcvenlik tedbirlerini almaktad\u0131r.<\/p><p>Amac\u0131m\u0131z; sizlerin memnuniyeti do\u011frultusunda, ki\u015fisel verilerinizin toplanma \u015fekilleri, i\u015flenme ama\u00e7lar\u0131, i\u015flemenin hukuki nedenleri ve haklar\u0131n\u0131z konular\u0131nda sizleri en a\u00e7\u0131k \u015fekilde bilgilendirmektir.<\/p><p>A\u015fa\u011f\u0131da ki\u015fisel verilerin korunmas\u0131 ve i\u015flenmesi konusunda \u00f6nem ta\u015f\u0131yan bilgiler yer almaktad\u0131r.<\/p><br \/><p><strong>A) Veri Sorumlusu<\/strong><\/p><p>6698 say\u0131l\u0131 Ki\u015fisel Verilerin Korunmas\u0131 Kanunu (6698 say\u0131l\u0131 Kanun) uyar\u0131nca ki\u015fisel verileriniz, veri sorumlusu olarak\u00a0<b>JEOMED \u0130LA\u00c7 ve SA\u011eLIK \u00dcR\u00dcNLER\u0130 A.\u015e.<\/b>\u00a0(https:\/\/www.jeomed.com) taraf\u0131ndan a\u015fa\u011f\u0131da a\u00e7\u0131klanan kapsamda toplanacak ve i\u015flenebilecektir.<\/p><br \/><p><strong>B) Ki\u015fisel Verilerin Hangi Ama\u00e7la \u0130\u015flenece\u011fi<\/strong><\/p><p>Ki\u015fisel verileriniz, s\u00f6zle\u015fmelerinizin gere\u011finin yerine getirilmesi, sunulan hizmet i\u00e7in gerekli de\u011ferlendirmelerin yap\u0131lmas\u0131, vergi mevzuat\u0131 ve Sosyal G\u00fcvenlik Kurumu mevzuat\u0131 ba\u015fta olmak \u00fczere yurt i\u00e7i ve uluslararas\u0131 mevzuata uyumun sa\u011flanmas\u0131, risk izleme ve bilgilendirme y\u00fck\u00fcml\u00fcl\u00fcklerine uyulmas\u0131, otoritelerce \u00f6ng\u00f6r\u00fclen bilgi payla\u015f\u0131m\u0131, raporlama, bilgilendirme y\u00fck\u00fcml\u00fcl\u00fcklerinin yerine getirilmesi, yasal mevzuattan kaynaklanan bilgi ve belge saklama y\u00fck\u00fcml\u00fcl\u00fcklerinin yerine getirilmesi, doland\u0131r\u0131c\u0131l\u0131\u011f\u0131n \u00f6nlenmesi, g\u00fcvenli\u011fin sa\u011flanmas\u0131, \u015firketimizce ihtiya\u00e7 duyulan planlama ve istatistik faaliyetlerinin y\u00fcr\u00fct\u00fclmesi, \u015firketimizin ticari ve i\u015f stratejilerinin belirlenmesi ve uygulanmas\u0131, finans, ileti\u015fim, pazar ara\u015ft\u0131rmas\u0131 ve sat\u0131n alma operasyonlar\u0131m\u0131z\u0131n y\u00fcr\u00fct\u00fclmesi, \u015firket i\u00e7i sistem ve uygulama y\u00f6netimi operasyonlar\u0131n\u0131n s\u00fcrd\u00fcr\u00fclmesi, hukuki s\u00fcre\u00e7lerimizin y\u00f6netilmesi ve sosyal sorumluluk projelerinin ger\u00e7ekle\u015ftirilmesi, taraf\u0131n\u0131za kesintisiz olarak daha iyi ve g\u00fcvenilir hizmet verilebilmesi ama\u00e7lar\u0131yla 6698 say\u0131l\u0131 Kanun\u2019un 5. ve 6. maddelerinde belirtilen ki\u015fisel veri i\u015fleme \u015fartlar\u0131 ve ama\u00e7lar\u0131 dahilinde i\u015flenecektir. Ki\u015fisel verileriniz yukar\u0131da belirtilenlerin yan\u0131 s\u0131ra sizlere \u00f6zel her t\u00fcrl\u00fc \u00fcr\u00fcn ve hizmetlerin sunulabilmesi i\u00e7in bu konuda ald\u0131\u011f\u0131n\u0131z\/alaca\u011f\u0131n\u0131z \u00fcr\u00fcn ve hizmete ili\u015fkin olarak sizlerle ileti\u015fim kurulabilmesi, ayr\u0131ca izin vermi\u015f olman\u0131z durumunda tan\u0131t\u0131m, \u00fcr\u00fcn\/hizmet teklifi, pazarlama ve kampanya faaliyetlerinde kullan\u0131labilmesi ile taraf\u0131n\u0131za uygun hizmetler ve \u00fcr\u00fcnler geli\u015ftirilmesi, m\u00fc\u015fteri memnuniyeti \u00e7al\u0131\u015fmalar\u0131 yap\u0131lmas\u0131, \u015firketimizin mevcut veya yeni \u00fcr\u00fcn \u00e7al\u0131\u015fmalar\u0131 ve pazar ara\u015ft\u0131rmas\u0131 ve hedef m\u00fc\u015fteri grubu tespiti vb. i\u00e7in i\u015flenebilmektedir. \u015eirketimiz ile i\u015f ili\u015fkisi i\u00e7erisinde olan \u00fc\u00e7\u00fcnc\u00fc ger\u00e7ek veya t\u00fczel ki\u015filer ile yap\u0131lan s\u00f6zle\u015fmeler veya birlikte y\u00fcr\u00fct\u00fclen faaliyetler \u00e7er\u00e7evesinde, \u015firketimizin s\u00f6zle\u015fmeden kaynaklanan hukuki ve ticari y\u00fck\u00fcml\u00fcl\u00fcklerinin yerine getirilmesi, hak tesisi, haklar\u0131n korunmas\u0131, ticari ve hukuki de\u011ferlendirme s\u00fcre\u00e7leri, hukuki ve ticari risk analizleri, mali i\u015flerin y\u00fcr\u00fct\u00fclmesi amac\u0131yla ki\u015fisel verileriniz i\u015flenebilmektedir. \u015eirketimizin insan kaynaklar\u0131 faaliyetleri nedeni ile ileti\u015fim kurulan \u00e7al\u0131\u015fan adaylar\u0131na ait ki\u015fisel veriler, i\u015fe al\u0131m, de\u011ferlendirme, ileti\u015fim, yerle\u015ftirme ve di\u011fer insan kaynaklar\u0131 faaliyetleri ve i\u015f ba\u015fvurusunun herhangi bir sebeple olumsuz sonu\u00e7lanmas\u0131 halinde, ba\u015fka bir pozisyon \u00e7er\u00e7evesinde tekrar de\u011ferlendirilmesi amac\u0131yla \u015firketimiz taraf\u0131ndan i\u015flenebilmektedir.<\/p><br \/><p><strong>C) \u0130\u015flenen Ki\u015fisel Verilerin Kimlere ve Hangi Ama\u00e7la Aktar\u0131labilece\u011fi<\/strong><\/p><p>Ki\u015fisel verileriniz; ilgili mevzuat h\u00fck\u00fcmlerinin \u00e7izdi\u011fi s\u0131n\u0131rlar dahilinde, yukar\u0131da belirtilen ama\u00e7lar\u0131n ger\u00e7ekle\u015ftirilmesi ve ilgili mevzuat\u0131n getirdi\u011fi y\u00fck\u00fcml\u00fcl\u00fcklerin yerine getirilmesi ile s\u0131n\u0131rl\u0131 olmak \u00fczere T.C. Bilgi Teknolojileri ve \u0130leti\u015fim Kurumu, T.C. Maliye Bakanl\u0131\u011f\u0131 Gelir \u0130daresi Ba\u015fkanl\u0131\u011f\u0131, T.C. Sosyal G\u00fcvenlik Kurumu gibi otoritelere, bakanl\u0131klar, yarg\u0131 mercileri gibi kanunen yetkili k\u0131l\u0131nm\u0131\u015f kamu kurumlar\u0131na,\u00a0<b>https:\/\/www.jeomed.com<\/b>\u2019\u0131n faaliyetlerinin tamamlay\u0131c\u0131s\u0131 veya uzant\u0131s\u0131 niteli\u011findeki hizmetleri ald\u0131\u011f\u0131 destek hizmeti kurulu\u015flar\u0131 ve di\u011fer anla\u015fmal\u0131 kurulu\u015flar\u0131na, mevzuat\u0131n izin verdi\u011fi hallerde i\u015fbirli\u011fi yapt\u0131\u011f\u0131 dan\u0131\u015fmanlara ve kurulu\u015flara, finans kurulu\u015flar\u0131na, ba\u011f\u0131ms\u0131z denetim \u015firketlerine, bankalara, 6698 say\u0131l\u0131 Kanun\u2019un ki\u015fisel verilerin aktar\u0131lmas\u0131na ili\u015fkin 8. maddesinde belirtilen di\u011fer ger\u00e7ek veya t\u00fczel ki\u015filere, ayr\u0131ca \u015firketimizle herhangi bir s\u00f6zle\u015fmesel ili\u015fkisi bulunan di\u011fer ilgili \u00fc\u00e7\u00fcnc\u00fc ki\u015filere aktar\u0131labilecektir.<\/p><br \/><p><strong>D) Ki\u015fisel Verilerin Toplanma Y\u00f6ntemi ve Hukuki Sebebi<\/strong><\/p><p>Ki\u015fisel verileriniz; otomatik veya otomatik olmayan y\u00f6ntemlerle, s\u00f6zl\u00fc, yaz\u0131l\u0131 veya elektronik ortamda yukar\u0131da belirtilen ama\u00e7larla, do\u011frudan sizlerden al\u0131narak veya ba\u015fka \u015fekillerde toplanabilir. \u0130\u015fleme faaliyeti ile ilgili hukuki sebepler ise; yukar\u0131da belirtilen ama\u00e7lar ile s\u0131n\u0131rl\u0131 kalmak kayd\u0131yla s\u00f6zle\u015fmenin kurulmas\u0131 veya ifas\u0131, veri sorumlusunun hukuki y\u00fck\u00fcml\u00fcl\u00fc\u011f\u00fcn\u00fc yerine getirebilmesi, bir hak talebinin tesis edilebilmesi veya ifas\u0131, ilgili ki\u015finin r\u0131zas\u0131 ve me\u015fru menfaatlerdir.<\/p><br \/><p><strong>E) Ki\u015fisel Veri Sahiplerinin KVKK\u2019n\u0131n 11. Maddesinde Say\u0131lan Haklar\u0131<\/strong><\/p><p>Ki\u015fisel veri sahipleri olarak, 6698 say\u0131l\u0131 Kanun\u2019un 11. maddesinde say\u0131lan haklar\u0131n\u0131za sahipsiniz. Bu haklar; ki\u015fisel verilerinizi i\u015fleyen veri sorumlusuna ba\u015fvurarak ki\u015fisel verilerinizi \u00f6\u011frenme, ki\u015fisel verilerinizin i\u015flenip i\u015flenmedi\u011fini \u00f6\u011frenme, ki\u015fisel verilerinizi i\u015flemi\u015f olan \u00fc\u00e7\u00fcnc\u00fc ki\u015filere bildirilmesini isteme, ki\u015fisel verilerinizi eksik veya yanl\u0131\u015f i\u015flenmi\u015f olmas\u0131 halinde d\u00fczeltilmesini isteme, ki\u015fisel verilerinizin silinmesini veya yok edilmesini isteme, ki\u015fisel verilerinizi i\u015flenme sebeplerine ayk\u0131r\u0131 olarak i\u015flenmesi halinde itiraz etme ve ki\u015fisel verilerinizin kanuna ayk\u0131r\u0131 olarak i\u015flenmesi nedeniyle zarar g\u00f6rmeniz halinde tazminat talep etme haklar\u0131n\u0131z bulunmaktad\u0131r.<\/p><br \/><p><strong>F) \u0130leti\u015fim Bilgileri<\/strong><\/p><p>Ki\u015fisel veri sahipleri olarak, bu haklar\u0131n\u0131z\u0131 kullanmak i\u00e7in JEOMED \u0130LA\u00c7 ve SA\u011eLIK \u00dcR\u00dcNLER\u0130 A.\u015e. ile a\u015fa\u011f\u0131da belirtilen ileti\u015fim bilgileri \u00fczerinden irtibat kurabilirsiniz:<\/p><p>Adres: Bah\u00e7ekap\u0131Mah. 2548. Sk. No:8, 06797 Etimesgut\/Ankara<br \/>Kep Adresi: jeomed@hs03.kep.tr<br \/>E-posta: info@jeomed.com<\/p><\/div><p>\u00a0<\/p>\t\t\t\t\t\t\t\t<\/div>\n\t\t\t\t<\/div>\n\t\t\t\t\t<\/div>\n\t\t<\/div>\n\t\t\t\t\t<\/div>\n\t\t<\/section>\n\t\t\t\t<\/div>\n\t\t","protected":false},"excerpt":{"rendered":"<p>KVKK Ayd\u0131nlatma Metni K\u0130\u015e\u0130SEL VER\u0130LER\u0130N KORUNMASI VE \u0130\u015eLENMES\u0130 HAKKINDA AYDINLATMA METN\u0130 6698 say\u0131l\u0131 Ki\u015fisel Verilerin Korunmas\u0131 Kanunu (\u201cKVKK\u201d) h\u00fck\u00fcmleri gere\u011fi kimli\u011finizi belirli veya belirlenebilir k\u0131lan her t\u00fcrl\u00fc bilginiz, \u00f6zel nitelikli ki\u015fisel verileriniz de dahil olmak \u00fczere, Ki\u015fisel Veri olarak a\u015fa\u011f\u0131daki kapsamda, Veri Sorumlusu s\u0131fat\u0131yla\u00a0JEOMED \u0130LA\u00c7 ve SA\u011eLIK \u00dcR\u00dcNLER\u0130 A.\u015e.\u00a0(https:\/\/www.jeomed.com) taraf\u0131ndan i\u015flenecektir. \u201cKi\u015fisel Verilerinizin i\u015flenmesi\u201d ise [&hellip;]<\/p>\n","protected":false},"author":1,"featured_media":0,"parent":0,"menu_order":0,"comment_status":"closed","ping_status":"closed","template":"","meta":{"_acf_changed":false,"inline_featured_image":false,"footnotes":""},"class_list":["post-1029","page","type-page","status-publish","hentry"],"acf":[],"yoast_head":"<!-- This site is optimized with the Yoast SEO plugin v26.3 - https:\/\/yoast.com\/wordpress\/plugins\/seo\/ -->\n<title>K.V.K.K. - JEOMED \u0130LA\u00c7 ve SA\u011eLIK \u00dcR\u00dcNLER\u0130 A.\u015e.<\/title>\n<meta name=\"robots\" content=\"index, follow, max-snippet:-1, max-image-preview:large, max-video-preview:-1\" \/>\n<link rel=\"canonical\" href=\"https:\/\/www.alfatasarim.net.tr\/jeomed\/k-v-k-k\/\" \/>\n<meta property=\"og:locale\" content=\"tr_TR\" \/>\n<meta property=\"og:type\" content=\"article\" \/>\n<meta property=\"og:title\" content=\"K.V.K.K. - JEOMED \u0130LA\u00c7 ve SA\u011eLIK \u00dcR\u00dcNLER\u0130 A.\u015e.\" \/>\n<meta property=\"og:description\" content=\"KVKK Ayd\u0131nlatma Metni K\u0130\u015e\u0130SEL VER\u0130LER\u0130N KORUNMASI VE \u0130\u015eLENMES\u0130 HAKKINDA AYDINLATMA METN\u0130 6698 say\u0131l\u0131 Ki\u015fisel Verilerin Korunmas\u0131 Kanunu (\u201cKVKK\u201d) h\u00fck\u00fcmleri gere\u011fi kimli\u011finizi belirli veya belirlenebilir k\u0131lan her t\u00fcrl\u00fc bilginiz, \u00f6zel nitelikli ki\u015fisel verileriniz de dahil olmak \u00fczere, Ki\u015fisel Veri olarak a\u015fa\u011f\u0131daki kapsamda, Veri Sorumlusu s\u0131fat\u0131yla\u00a0JEOMED \u0130LA\u00c7 ve SA\u011eLIK \u00dcR\u00dcNLER\u0130 A.\u015e.\u00a0(https:\/\/www.jeomed.com) taraf\u0131ndan i\u015flenecektir. \u201cKi\u015fisel Verilerinizin i\u015flenmesi\u201d ise [&hellip;]\" \/>\n<meta property=\"og:url\" content=\"https:\/\/www.alfatasarim.net.tr\/jeomed\/k-v-k-k\/\" \/>\n<meta property=\"og:site_name\" content=\"JEOMED \u0130LA\u00c7 ve SA\u011eLIK \u00dcR\u00dcNLER\u0130 A.\u015e.\" \/>\n<meta property=\"article:modified_time\" content=\"2025-11-05T12:12:16+00:00\" \/>\n<meta name=\"twitter:card\" content=\"summary_large_image\" \/>\n<meta name=\"twitter:label1\" content=\"Tahmini okuma s\u00fcresi\" \/>\n\t<meta name=\"twitter:data1\" content=\"6 dakika\" \/>\n<script type=\"application\/ld+json\" class=\"yoast-schema-graph\">{\"@context\":\"https:\/\/schema.org\",\"@graph\":[{\"@type\":\"WebPage\",\"@id\":\"https:\/\/www.alfatasarim.net.tr\/jeomed\/k-v-k-k\/\",\"url\":\"https:\/\/www.alfatasarim.net.tr\/jeomed\/k-v-k-k\/\",\"name\":\"K.V.K.K. - JEOMED \u0130LA\u00c7 ve SA\u011eLIK \u00dcR\u00dcNLER\u0130 A.\u015e.\",\"isPartOf\":{\"@id\":\"https:\/\/www.alfatasarim.net.tr\/jeomed\/#website\"},\"datePublished\":\"2025-11-05T06:57:33+00:00\",\"dateModified\":\"2025-11-05T12:12:16+00:00\",\"breadcrumb\":{\"@id\":\"https:\/\/www.alfatasarim.net.tr\/jeomed\/k-v-k-k\/#breadcrumb\"},\"inLanguage\":\"tr\",\"potentialAction\":[{\"@type\":\"ReadAction\",\"target\":[\"https:\/\/www.alfatasarim.net.tr\/jeomed\/k-v-k-k\/\"]}]},{\"@type\":\"BreadcrumbList\",\"@id\":\"https:\/\/www.alfatasarim.net.tr\/jeomed\/k-v-k-k\/#breadcrumb\",\"itemListElement\":[{\"@type\":\"ListItem\",\"position\":1,\"name\":\"Anasayfa\",\"item\":\"https:\/\/www.alfatasarim.net.tr\/jeomed\/\"},{\"@type\":\"ListItem\",\"position\":2,\"name\":\"K.V.K.K.\"}]},{\"@type\":\"WebSite\",\"@id\":\"https:\/\/www.alfatasarim.net.tr\/jeomed\/#website\",\"url\":\"https:\/\/www.alfatasarim.net.tr\/jeomed\/\",\"name\":\"JEOMED \u0130LA\u00c7 ve SA\u011eLIK \u00dcR\u00dcNLER\u0130 A.\u015e.\",\"description\":\"Yenilik\u00e7i G\u00fc\u00e7, Global Ba\u015far\u0131\",\"publisher\":{\"@id\":\"https:\/\/www.alfatasarim.net.tr\/jeomed\/#organization\"},\"potentialAction\":[{\"@type\":\"SearchAction\",\"target\":{\"@type\":\"EntryPoint\",\"urlTemplate\":\"https:\/\/www.alfatasarim.net.tr\/jeomed\/?s={search_term_string}\"},\"query-input\":{\"@type\":\"PropertyValueSpecification\",\"valueRequired\":true,\"valueName\":\"search_term_string\"}}],\"inLanguage\":\"tr\"},{\"@type\":\"Organization\",\"@id\":\"https:\/\/www.alfatasarim.net.tr\/jeomed\/#organization\",\"name\":\"JEOMED \u0130LA\u00c7 ve SA\u011eLIK \u00dcR\u00dcNLER\u0130 A.\u015e.\",\"url\":\"https:\/\/www.alfatasarim.net.tr\/jeomed\/\",\"logo\":{\"@type\":\"ImageObject\",\"inLanguage\":\"tr\",\"@id\":\"https:\/\/www.alfatasarim.net.tr\/jeomed\/#\/schema\/logo\/image\/\",\"url\":\"https:\/\/www.alfatasarim.net.tr\/jeomed\/wp-content\/uploads\/2025\/10\/jeomed-logo-tto-1_1.jpg\",\"contentUrl\":\"https:\/\/www.alfatasarim.net.tr\/jeomed\/wp-content\/uploads\/2025\/10\/jeomed-logo-tto-1_1.jpg\",\"width\":628,\"height\":227,\"caption\":\"JEOMED \u0130LA\u00c7 ve SA\u011eLIK \u00dcR\u00dcNLER\u0130 A.\u015e.\"},\"image\":{\"@id\":\"https:\/\/www.alfatasarim.net.tr\/jeomed\/#\/schema\/logo\/image\/\"}}]}<\/script>\n<!-- \/ Yoast SEO plugin. -->","yoast_head_json":{"title":"K.V.K.K. - JEOMED \u0130LA\u00c7 ve SA\u011eLIK \u00dcR\u00dcNLER\u0130 A.\u015e.","robots":{"index":"index","follow":"follow","max-snippet":"max-snippet:-1","max-image-preview":"max-image-preview:large","max-video-preview":"max-video-preview:-1"},"canonical":"https:\/\/www.alfatasarim.net.tr\/jeomed\/k-v-k-k\/","og_locale":"tr_TR","og_type":"article","og_title":"K.V.K.K. - JEOMED \u0130LA\u00c7 ve SA\u011eLIK \u00dcR\u00dcNLER\u0130 A.\u015e.","og_description":"KVKK Ayd\u0131nlatma Metni K\u0130\u015e\u0130SEL VER\u0130LER\u0130N KORUNMASI VE \u0130\u015eLENMES\u0130 HAKKINDA AYDINLATMA METN\u0130 6698 say\u0131l\u0131 Ki\u015fisel Verilerin Korunmas\u0131 Kanunu (\u201cKVKK\u201d) h\u00fck\u00fcmleri gere\u011fi kimli\u011finizi belirli veya belirlenebilir k\u0131lan her t\u00fcrl\u00fc bilginiz, \u00f6zel nitelikli ki\u015fisel verileriniz de dahil olmak \u00fczere, Ki\u015fisel Veri olarak a\u015fa\u011f\u0131daki kapsamda, Veri Sorumlusu s\u0131fat\u0131yla\u00a0JEOMED \u0130LA\u00c7 ve SA\u011eLIK \u00dcR\u00dcNLER\u0130 A.\u015e.\u00a0(https:\/\/www.jeomed.com) taraf\u0131ndan i\u015flenecektir. \u201cKi\u015fisel Verilerinizin i\u015flenmesi\u201d ise [&hellip;]","og_url":"https:\/\/www.alfatasarim.net.tr\/jeomed\/k-v-k-k\/","og_site_name":"JEOMED \u0130LA\u00c7 ve SA\u011eLIK \u00dcR\u00dcNLER\u0130 A.\u015e.","article_modified_time":"2025-11-05T12:12:16+00:00","twitter_card":"summary_large_image","twitter_misc":{"Tahmini okuma s\u00fcresi":"6 dakika"},"schema":{"@context":"https:\/\/schema.org","@graph":[{"@type":"WebPage","@id":"https:\/\/www.alfatasarim.net.tr\/jeomed\/k-v-k-k\/","url":"https:\/\/www.alfatasarim.net.tr\/jeomed\/k-v-k-k\/","name":"K.V.K.K. - JEOMED \u0130LA\u00c7 ve SA\u011eLIK \u00dcR\u00dcNLER\u0130 A.\u015e.","isPartOf":{"@id":"https:\/\/www.alfatasarim.net.tr\/jeomed\/#website"},"datePublished":"2025-11-05T06:57:33+00:00","dateModified":"2025-11-05T12:12:16+00:00","breadcrumb":{"@id":"https:\/\/www.alfatasarim.net.tr\/jeomed\/k-v-k-k\/#breadcrumb"},"inLanguage":"tr","potentialAction":[{"@type":"ReadAction","target":["https:\/\/www.alfatasarim.net.tr\/jeomed\/k-v-k-k\/"]}]},{"@type":"BreadcrumbList","@id":"https:\/\/www.alfatasarim.net.tr\/jeomed\/k-v-k-k\/#breadcrumb","itemListElement":[{"@type":"ListItem","position":1,"name":"Anasayfa","item":"https:\/\/www.alfatasarim.net.tr\/jeomed\/"},{"@type":"ListItem","position":2,"name":"K.V.K.K."}]},{"@type":"WebSite","@id":"https:\/\/www.alfatasarim.net.tr\/jeomed\/#website","url":"https:\/\/www.alfatasarim.net.tr\/jeomed\/","name":"JEOMED \u0130LA\u00c7 ve SA\u011eLIK \u00dcR\u00dcNLER\u0130 A.\u015e.","description":"Yenilik\u00e7i G\u00fc\u00e7, Global Ba\u015far\u0131","publisher":{"@id":"https:\/\/www.alfatasarim.net.tr\/jeomed\/#organization"},"potentialAction":[{"@type":"SearchAction","target":{"@type":"EntryPoint","urlTemplate":"https:\/\/www.alfatasarim.net.tr\/jeomed\/?s={search_term_string}"},"query-input":{"@type":"PropertyValueSpecification","valueRequired":true,"valueName":"search_term_string"}}],"inLanguage":"tr"},{"@type":"Organization","@id":"https:\/\/www.alfatasarim.net.tr\/jeomed\/#organization","name":"JEOMED \u0130LA\u00c7 ve SA\u011eLIK \u00dcR\u00dcNLER\u0130 A.\u015e.","url":"https:\/\/www.alfatasarim.net.tr\/jeomed\/","logo":{"@type":"ImageObject","inLanguage":"tr","@id":"https:\/\/www.alfatasarim.net.tr\/jeomed\/#\/schema\/logo\/image\/","url":"https:\/\/www.alfatasarim.net.tr\/jeomed\/wp-content\/uploads\/2025\/10\/jeomed-logo-tto-1_1.jpg","contentUrl":"https:\/\/www.alfatasarim.net.tr\/jeomed\/wp-content\/uploads\/2025\/10\/jeomed-logo-tto-1_1.jpg","width":628,"height":227,"caption":"JEOMED \u0130LA\u00c7 ve SA\u011eLIK \u00dcR\u00dcNLER\u0130 A.\u015e."},"image":{"@id":"https:\/\/www.alfatasarim.net.tr\/jeomed\/#\/schema\/logo\/image\/"}}]}},"_links":{"self":[{"href":"https:\/\/www.alfatasarim.net.tr\/jeomed\/wp-json\/wp\/v2\/pages\/1029","targetHints":{"allow":["GET"]}}],"collection":[{"href":"https:\/\/www.alfatasarim.net.tr\/jeomed\/wp-json\/wp\/v2\/pages"}],"about":[{"href":"https:\/\/www.alfatasarim.net.tr\/jeomed\/wp-json\/wp\/v2\/types\/page"}],"author":[{"embeddable":true,"href":"https:\/\/www.alfatasarim.net.tr\/jeomed\/wp-json\/wp\/v2\/users\/1"}],"replies":[{"embeddable":true,"href":"https:\/\/www.alfatasarim.net.tr\/jeomed\/wp-json\/wp\/v2\/comments?post=1029"}],"version-history":[{"count":4,"href":"https:\/\/www.alfatasarim.net.tr\/jeomed\/wp-json\/wp\/v2\/pages\/1029\/revisions"}],"predecessor-version":[{"id":1037,"href":"https:\/\/www.alfatasarim.net.tr\/jeomed\/wp-json\/wp\/v2\/pages\/1029\/revisions\/1037"}],"wp:attachment":[{"href":"https:\/\/www.alfatasarim.net.tr\/jeomed\/wp-json\/wp\/v2\/media?parent=1029"}],"curies":[{"name":"wp","href":"https:\/\/api.w.org\/{rel}","templated":true}]}}