{"id":1504,"date":"2025-11-06T14:41:15","date_gmt":"2025-11-06T14:41:15","guid":{"rendered":"https:\/\/www.alfatasarim.net.tr\/jeomed\/?page_id=1504"},"modified":"2025-11-06T14:42:06","modified_gmt":"2025-11-06T14:42:06","slug":"blog","status":"publish","type":"page","link":"https:\/\/www.alfatasarim.net.tr\/jeomed\/haber-blog\/blog\/","title":{"rendered":"Blog"},"content":{"rendered":"\t\t<div data-elementor-type=\"wp-page\" data-elementor-id=\"1504\" class=\"elementor elementor-1504\" data-elementor-post-type=\"page\">\n\t\t\t\t\t\t<section class=\"elementor-section elementor-top-section elementor-element elementor-element-b082001 pbmit-col-stretched-none pbmit-bg-color-over-image elementor-section-boxed elementor-section-height-default elementor-section-height-default\" data-id=\"b082001\" data-element_type=\"section\">\n\t\t\t\t\t\t<div class=\"elementor-container elementor-column-gap-default\">\n\t\t\t\t\t<div class=\"elementor-column elementor-col-100 elementor-top-column elementor-element elementor-element-eb4dbb8 pbmit-bg-color-over-image\" data-id=\"eb4dbb8\" data-element_type=\"column\">\n\t\t\t<div class=\"elementor-widget-wrap elementor-element-populated\">\n\t\t\t\t\t\t<div class=\"elementor-element elementor-element-a8c919e pbmit-ele-header-align-center elementor-widget elementor-widget-pbmit_blog_element\" data-id=\"a8c919e\" data-element_type=\"widget\" data-widget_type=\"pbmit_blog_element.default\">\n\t\t\t\t<div class=\"elementor-widget-container\">\n\t\t\t\t\t\t\t\t<div class=\"pbminfotech-element\r\n\t\t\t\tpbminfotech-element-blog\t\t\t\tpbmit-element-blog-style-4\t\t\t\tpbmit-element-viewtype-row-column\t\t\t\tpbmit-element-column-three\t\t\t\tpbmit-element-sticky-carousel-false\t\t\t\tpbmit-element-caroursel-dot-false\t\t\t\tpbmit-infinite-scroll-no\t\t\t\tpbmit-infinite-scroll-button-no\t\t\t\tpbminfotech-gap-default\t\t\t\t\t\t\t\t\t\t\t\t\"\r\n\t\t\t\tdata-cpt=\"blog\"\r\n\t\t\t\tdata-totalpagination=\"1\"\r\n\t\t\t\tdata-style=\"4\"\r\n\t\t\t\tdata-show=\"18\"\r\n\t\t\t\tdata-columns=\"3\"\r\n\t\t\t\tdata-loop=\"false\"\r\n\t\t\t\tdata-autoplay=\"false\"\r\n\t\t\t\tdata-center=\"false\"\r\n\t\t\t\tdata-nav=\"false\"\r\n\t\t\t\tdata-dots=\"false\"\r\n\t\t\t\tdata-reverse=\"false\"\r\n\t\t\t\tdata-speed=\"1000\"\r\n\t\t\t\tdata-delay=\"4000\"\r\n\t\t\t\tdata-margin=\"default\"\r\n\t\t\t\tdata-show-portion=\"false\">\r\n\t\t\t\t<div class=\"pbmit-element-inner\">\r\n\t\t\t\t\t<div class=\"pbmit-ele-header-area\">\r\n\t\t\t <div class=\"pbmit-heading-subheading  animation-style4\"><\/div>\t\t\t\t\t<\/div>\r\n\t\t<div class=\"pbmit-infinite-scroll-data\">{\"cpt\":\"blog\",\"style\":\"4\",\"columns\":\"3\",\"show\":18,\"from_category\":[\"blog\"],\"order\":\"DESC\",\"orderby\":\"none\"}<\/div>\t\t\t<div class=\"pbmit-element-posts-wrapper multi-columns-row row \">\r\n\t\t\t\t\r\n\t\t\t\t\t<article class=\"pbmit-ele pbmit-ele-blog pbmit-blog-style-4 col-md-4 blog pbmit-term-55 pbmit-odd pbmit-col-odd\"><div class=\"pbmit-post-item\">\r\n\t<div class=\"pbmit-featured-wrapper\">\r\n\t\t<div class=\"pbmit-featured-container\">\r\n\t\t\t<div class=\"pbmit-featured-img-wrapper\"><div class=\"pbmit-featured-wrapper\"><a href=\"https:\/\/www.alfatasarim.net.tr\/jeomed\/jeotermal-suyun-gucu-dogadan-gelen-takviye\/\"><img fetchpriority=\"high\" decoding=\"async\" width=\"880\" height=\"620\" src=\"https:\/\/www.alfatasarim.net.tr\/jeomed\/wp-content\/uploads\/2025\/11\/Jeotermal-Su-880x620.png\" class=\"attachment-pbmit-img-880x620 size-pbmit-img-880x620 wp-post-image\" alt=\"\" \/><\/a><\/div><\/div>\t\t\t<a class=\"pbmit-link\" href=\"https:\/\/www.alfatasarim.net.tr\/jeomed\/jeotermal-suyun-gucu-dogadan-gelen-takviye\/\"><\/a>\r\n\t\t<\/div>\r\n\t\t<div class=\"pbmit-meta-date pbmit-meta-line\">\r\n\t\t\t<span class=\"pbmit-post-date\">11 Kas 2025<\/span>\r\n\t\t<\/div>\r\n\t<\/div>\r\n\t<div class=\"pbmit-content-wrapper\">\r\n\t\t<h3 class=\"pbmit-post-title\"><a href=\"https:\/\/www.alfatasarim.net.tr\/jeomed\/jeotermal-suyun-gucu-dogadan-gelen-takviye\/\">Jeotermal Suyun G\u00fcc\u00fc: Do\u011fadan Gelen Takviye<\/a><\/h3>\r\n\t\t<div class=\"pbmit-meta-category-wrapper pbmit-meta-line\">\r\n\t\t\t<div class=\"pbmit-meta-category\"><a href=\"https:\/\/www.alfatasarim.net.tr\/jeomed\/category\/blog\/\" rel=\"category tag\">Blog<\/a><\/div>\r\n\t\t<\/div>\r\n\t<\/div>\r\n<\/div><\/article><article class=\"pbmit-ele pbmit-ele-blog pbmit-blog-style-4 col-md-4 blog pbmit-term-55 pbmit-even pbmit-col-odd\"><div class=\"pbmit-post-item\">\r\n\t<div class=\"pbmit-featured-wrapper\">\r\n\t\t<div class=\"pbmit-featured-container\">\r\n\t\t\t<div class=\"pbmit-featured-img-wrapper\"><div class=\"pbmit-featured-wrapper\"><a href=\"https:\/\/www.alfatasarim.net.tr\/jeomed\/jeomed-kimdir-12-m%c2%b2den-12-000-m%c2%b2ye-uzanan-saglikli-guzellik-hikayesi\/\"><img decoding=\"async\" width=\"880\" height=\"620\" src=\"https:\/\/www.alfatasarim.net.tr\/jeomed\/wp-content\/uploads\/2025\/11\/Jeomed-Kimdir-Blog-Gorseli-880x620.png\" class=\"attachment-pbmit-img-880x620 size-pbmit-img-880x620 wp-post-image\" alt=\"\" \/><\/a><\/div><\/div>\t\t\t<a class=\"pbmit-link\" href=\"https:\/\/www.alfatasarim.net.tr\/jeomed\/jeomed-kimdir-12-m%c2%b2den-12-000-m%c2%b2ye-uzanan-saglikli-guzellik-hikayesi\/\"><\/a>\r\n\t\t<\/div>\r\n\t\t<div class=\"pbmit-meta-date pbmit-meta-line\">\r\n\t\t\t<span class=\"pbmit-post-date\">11 Kas 2025<\/span>\r\n\t\t<\/div>\r\n\t<\/div>\r\n\t<div class=\"pbmit-content-wrapper\">\r\n\t\t<h3 class=\"pbmit-post-title\"><a href=\"https:\/\/www.alfatasarim.net.tr\/jeomed\/jeomed-kimdir-12-m%c2%b2den-12-000-m%c2%b2ye-uzanan-saglikli-guzellik-hikayesi\/\">JEOMED Kimdir  12 m\u00b2\u2019den 12.000 m\u00b2\u2019ye Uzanan Sa\u011fl\u0131kl\u0131 G\u00fczellik Hik\u00e2yesi<\/a><\/h3>\r\n\t\t<div class=\"pbmit-meta-category-wrapper pbmit-meta-line\">\r\n\t\t\t<div class=\"pbmit-meta-category\"><a href=\"https:\/\/www.alfatasarim.net.tr\/jeomed\/category\/blog\/\" rel=\"category tag\">Blog<\/a><\/div>\r\n\t\t<\/div>\r\n\t<\/div>\r\n<\/div><\/article><article class=\"pbmit-ele pbmit-ele-blog pbmit-blog-style-4 col-md-4 blog pbmit-term-55 pbmit-odd pbmit-col-odd\"><div class=\"pbmit-post-item\">\r\n\t<div class=\"pbmit-featured-wrapper\">\r\n\t\t<div class=\"pbmit-featured-container\">\r\n\t\t\t<div class=\"pbmit-featured-img-wrapper\"><div class=\"pbmit-featured-wrapper\"><a href=\"https:\/\/www.alfatasarim.net.tr\/jeomed\/demodex-tani-ve-tedavi-kitabi-jeomedin-saglikta-oncu-rolu\/\"><img decoding=\"async\" width=\"480\" height=\"270\" src=\"https:\/\/www.alfatasarim.net.tr\/jeomed\/wp-content\/uploads\/2025\/11\/i.webp\" class=\"attachment-pbmit-img-880x620 size-pbmit-img-880x620 wp-post-image\" alt=\"\" srcset=\"https:\/\/www.alfatasarim.net.tr\/jeomed\/wp-content\/uploads\/2025\/11\/i.webp 480w, https:\/\/www.alfatasarim.net.tr\/jeomed\/wp-content\/uploads\/2025\/11\/i-300x169.webp 300w\" sizes=\"(max-width: 480px) 100vw, 480px\" \/><\/a><\/div><\/div>\t\t\t<a class=\"pbmit-link\" href=\"https:\/\/www.alfatasarim.net.tr\/jeomed\/demodex-tani-ve-tedavi-kitabi-jeomedin-saglikta-oncu-rolu\/\"><\/a>\r\n\t\t<\/div>\r\n\t\t<div class=\"pbmit-meta-date pbmit-meta-line\">\r\n\t\t\t<span class=\"pbmit-post-date\">11 Kas 2025<\/span>\r\n\t\t<\/div>\r\n\t<\/div>\r\n\t<div class=\"pbmit-content-wrapper\">\r\n\t\t<h3 class=\"pbmit-post-title\"><a href=\"https:\/\/www.alfatasarim.net.tr\/jeomed\/demodex-tani-ve-tedavi-kitabi-jeomedin-saglikta-oncu-rolu\/\">Demodex Tan\u0131 ve Tedavi Kitab\u0131 &#038; JEOMED\u2019in Sa\u011fl\u0131kta \u00d6nc\u00fc Rol\u00fc<\/a><\/h3>\r\n\t\t<div class=\"pbmit-meta-category-wrapper pbmit-meta-line\">\r\n\t\t\t<div class=\"pbmit-meta-category\"><a href=\"https:\/\/www.alfatasarim.net.tr\/jeomed\/category\/blog\/\" rel=\"category tag\">Blog<\/a><\/div>\r\n\t\t<\/div>\r\n\t<\/div>\r\n<\/div><\/article><article class=\"pbmit-ele pbmit-ele-blog pbmit-blog-style-4 col-md-4 blog pbmit-term-55 pbmit-even pbmit-col-even\"><div class=\"pbmit-post-item\">\r\n\t<div class=\"pbmit-featured-wrapper\">\r\n\t\t<div class=\"pbmit-featured-container\">\r\n\t\t\t<div class=\"pbmit-featured-img-wrapper\"><div class=\"pbmit-featured-wrapper\"><a href=\"https:\/\/www.alfatasarim.net.tr\/jeomed\/cay-agaci-yagi-nedir-doganin-mikrobiyotik-gucu\/\"><img loading=\"lazy\" decoding=\"async\" width=\"480\" height=\"270\" src=\"https:\/\/www.alfatasarim.net.tr\/jeomed\/wp-content\/uploads\/2025\/11\/cc.webp\" class=\"attachment-pbmit-img-880x620 size-pbmit-img-880x620 wp-post-image\" alt=\"\" srcset=\"https:\/\/www.alfatasarim.net.tr\/jeomed\/wp-content\/uploads\/2025\/11\/cc.webp 480w, https:\/\/www.alfatasarim.net.tr\/jeomed\/wp-content\/uploads\/2025\/11\/cc-300x169.webp 300w\" sizes=\"(max-width: 480px) 100vw, 480px\" \/><\/a><\/div><\/div>\t\t\t<a class=\"pbmit-link\" href=\"https:\/\/www.alfatasarim.net.tr\/jeomed\/cay-agaci-yagi-nedir-doganin-mikrobiyotik-gucu\/\"><\/a>\r\n\t\t<\/div>\r\n\t\t<div class=\"pbmit-meta-date pbmit-meta-line\">\r\n\t\t\t<span class=\"pbmit-post-date\">11 Kas 2025<\/span>\r\n\t\t<\/div>\r\n\t<\/div>\r\n\t<div class=\"pbmit-content-wrapper\">\r\n\t\t<h3 class=\"pbmit-post-title\"><a href=\"https:\/\/www.alfatasarim.net.tr\/jeomed\/cay-agaci-yagi-nedir-doganin-mikrobiyotik-gucu\/\">\u00c7ay A\u011fac\u0131 Ya\u011f\u0131 Nedir \u2014 Do\u011fan\u0131n Mikrobiyotik G\u00fcc\u00fc<\/a><\/h3>\r\n\t\t<div class=\"pbmit-meta-category-wrapper pbmit-meta-line\">\r\n\t\t\t<div class=\"pbmit-meta-category\"><a href=\"https:\/\/www.alfatasarim.net.tr\/jeomed\/category\/blog\/\" rel=\"category tag\">Blog<\/a><\/div>\r\n\t\t<\/div>\r\n\t<\/div>\r\n<\/div><\/article>\r\n\t\t\t<\/div> <!-- .pbmit-element-posts-wrapper -->\r\n\t\t\t<div class=\"clearfix\"><\/div>\r\n\t\t\t\r\n\t\t\t\t\t\t<\/div><!-- .pbmit-element-inner -->\r\n\t\t\t<\/div><!-- .pbminfotech-element -->\r\n\t\t\t\t\t\t\t<\/div>\n\t\t\t\t<\/div>\n\t\t\t\t\t<\/div>\n\t\t<\/div>\n\t\t\t\t\t<\/div>\n\t\t<\/section>\n\t\t\t\t<\/div>\n\t\t","protected":false},"excerpt":{"rendered":"<p>{&#8220;cpt&#8221;:&#8221;blog&#8221;,&#8221;style&#8221;:&#8221;4&#8243;,&#8221;columns&#8221;:&#8221;3&#8243;,&#8221;show&#8221;:18,&#8221;from_category&#8221;:[&#8220;blog&#8221;],&#8221;order&#8221;:&#8221;DESC&#8221;,&#8221;orderby&#8221;:&#8221;none&#8221;} 11 Kas 2025 JEOMED Kimdir 12 m\u00b2\u2019den 12.000 m\u00b2\u2019ye Uzanan Sa\u011fl\u0131kl\u0131 G\u00fczellik Hik\u00e2yesi Blog 11 Kas 2025 Demodex Tan\u0131 ve Tedavi Kitab\u0131 &#038; JEOMED\u2019in Sa\u011fl\u0131kta \u00d6nc\u00fc Rol\u00fc Blog 11 Kas 2025 \u00c7ay A\u011fac\u0131 Ya\u011f\u0131 Nedir \u2014 Do\u011fan\u0131n Mikrobiyotik G\u00fcc\u00fc Blog<\/p>\n","protected":false},"author":1,"featured_media":0,"parent":675,"menu_order":0,"comment_status":"closed","ping_status":"closed","template":"","meta":{"_acf_changed":false,"inline_featured_image":false,"footnotes":""},"class_list":["post-1504","page","type-page","status-publish","hentry"],"acf":[],"yoast_head":"<!-- This site is optimized with the Yoast SEO plugin v26.3 - https:\/\/yoast.com\/wordpress\/plugins\/seo\/ -->\n<title>Blog - JEOMED \u0130LA\u00c7 ve SA\u011eLIK \u00dcR\u00dcNLER\u0130 A.\u015e.<\/title>\n<meta name=\"robots\" content=\"index, follow, max-snippet:-1, max-image-preview:large, max-video-preview:-1\" \/>\n<link rel=\"canonical\" href=\"https:\/\/www.alfatasarim.net.tr\/jeomed\/haber-blog\/blog\/\" \/>\n<meta property=\"og:locale\" content=\"tr_TR\" \/>\n<meta property=\"og:type\" content=\"article\" \/>\n<meta property=\"og:title\" content=\"Blog - JEOMED \u0130LA\u00c7 ve SA\u011eLIK \u00dcR\u00dcNLER\u0130 A.\u015e.\" \/>\n<meta property=\"og:description\" content=\"{&#8220;cpt&#8221;:&#8221;blog&#8221;,&#8221;style&#8221;:&#8221;4&#8243;,&#8221;columns&#8221;:&#8221;3&#8243;,&#8221;show&#8221;:18,&#8221;from_category&#8221;:[&#8220;blog&#8221;],&#8221;order&#8221;:&#8221;DESC&#8221;,&#8221;orderby&#8221;:&#8221;none&#8221;} 11 Kas 2025 JEOMED Kimdir 12 m\u00b2\u2019den 12.000 m\u00b2\u2019ye Uzanan Sa\u011fl\u0131kl\u0131 G\u00fczellik Hik\u00e2yesi Blog 11 Kas 2025 Demodex Tan\u0131 ve Tedavi Kitab\u0131 &#038; JEOMED\u2019in Sa\u011fl\u0131kta \u00d6nc\u00fc Rol\u00fc Blog 11 Kas 2025 \u00c7ay A\u011fac\u0131 Ya\u011f\u0131 Nedir \u2014 Do\u011fan\u0131n Mikrobiyotik G\u00fcc\u00fc Blog\" \/>\n<meta property=\"og:url\" content=\"https:\/\/www.alfatasarim.net.tr\/jeomed\/haber-blog\/blog\/\" \/>\n<meta property=\"og:site_name\" content=\"JEOMED \u0130LA\u00c7 ve SA\u011eLIK \u00dcR\u00dcNLER\u0130 A.\u015e.\" \/>\n<meta property=\"article:modified_time\" content=\"2025-11-06T14:42:06+00:00\" \/>\n<meta property=\"og:image\" content=\"https:\/\/www.alfatasarim.net.tr\/jeomed\/wp-content\/uploads\/2025\/11\/i-copy.webp\" \/>\n<meta name=\"twitter:card\" content=\"summary_large_image\" \/>\n<meta name=\"twitter:label1\" content=\"Tahmini okuma s\u00fcresi\" \/>\n\t<meta name=\"twitter:data1\" content=\"2 dakika\" \/>\n<script type=\"application\/ld+json\" class=\"yoast-schema-graph\">{\"@context\":\"https:\/\/schema.org\",\"@graph\":[{\"@type\":\"WebPage\",\"@id\":\"https:\/\/www.alfatasarim.net.tr\/jeomed\/haber-blog\/blog\/\",\"url\":\"https:\/\/www.alfatasarim.net.tr\/jeomed\/haber-blog\/blog\/\",\"name\":\"Blog - JEOMED \u0130LA\u00c7 ve SA\u011eLIK \u00dcR\u00dcNLER\u0130 A.\u015e.\",\"isPartOf\":{\"@id\":\"https:\/\/www.alfatasarim.net.tr\/jeomed\/#website\"},\"primaryImageOfPage\":{\"@id\":\"https:\/\/www.alfatasarim.net.tr\/jeomed\/haber-blog\/blog\/#primaryimage\"},\"image\":{\"@id\":\"https:\/\/www.alfatasarim.net.tr\/jeomed\/haber-blog\/blog\/#primaryimage\"},\"thumbnailUrl\":\"https:\/\/www.alfatasarim.net.tr\/jeomed\/wp-content\/uploads\/2025\/11\/i-copy.webp\",\"datePublished\":\"2025-11-06T14:41:15+00:00\",\"dateModified\":\"2025-11-06T14:42:06+00:00\",\"breadcrumb\":{\"@id\":\"https:\/\/www.alfatasarim.net.tr\/jeomed\/haber-blog\/blog\/#breadcrumb\"},\"inLanguage\":\"tr\",\"potentialAction\":[{\"@type\":\"ReadAction\",\"target\":[\"https:\/\/www.alfatasarim.net.tr\/jeomed\/haber-blog\/blog\/\"]}]},{\"@type\":\"ImageObject\",\"inLanguage\":\"tr\",\"@id\":\"https:\/\/www.alfatasarim.net.tr\/jeomed\/haber-blog\/blog\/#primaryimage\",\"url\":\"https:\/\/www.alfatasarim.net.tr\/jeomed\/wp-content\/uploads\/2025\/11\/i-copy.webp\",\"contentUrl\":\"https:\/\/www.alfatasarim.net.tr\/jeomed\/wp-content\/uploads\/2025\/11\/i-copy.webp\",\"width\":480,\"height\":270},{\"@type\":\"BreadcrumbList\",\"@id\":\"https:\/\/www.alfatasarim.net.tr\/jeomed\/haber-blog\/blog\/#breadcrumb\",\"itemListElement\":[{\"@type\":\"ListItem\",\"position\":1,\"name\":\"Anasayfa\",\"item\":\"https:\/\/www.alfatasarim.net.tr\/jeomed\/\"},{\"@type\":\"ListItem\",\"position\":2,\"name\":\"Haber &#038; Blog\",\"item\":\"https:\/\/www.alfatasarim.net.tr\/jeomed\/haber-blog\/\"},{\"@type\":\"ListItem\",\"position\":3,\"name\":\"Blog\"}]},{\"@type\":\"WebSite\",\"@id\":\"https:\/\/www.alfatasarim.net.tr\/jeomed\/#website\",\"url\":\"https:\/\/www.alfatasarim.net.tr\/jeomed\/\",\"name\":\"JEOMED \u0130LA\u00c7 ve SA\u011eLIK \u00dcR\u00dcNLER\u0130 A.\u015e.\",\"description\":\"Yenilik\u00e7i G\u00fc\u00e7, Global Ba\u015far\u0131\",\"publisher\":{\"@id\":\"https:\/\/www.alfatasarim.net.tr\/jeomed\/#organization\"},\"potentialAction\":[{\"@type\":\"SearchAction\",\"target\":{\"@type\":\"EntryPoint\",\"urlTemplate\":\"https:\/\/www.alfatasarim.net.tr\/jeomed\/?s={search_term_string}\"},\"query-input\":{\"@type\":\"PropertyValueSpecification\",\"valueRequired\":true,\"valueName\":\"search_term_string\"}}],\"inLanguage\":\"tr\"},{\"@type\":\"Organization\",\"@id\":\"https:\/\/www.alfatasarim.net.tr\/jeomed\/#organization\",\"name\":\"JEOMED \u0130LA\u00c7 ve SA\u011eLIK \u00dcR\u00dcNLER\u0130 A.\u015e.\",\"url\":\"https:\/\/www.alfatasarim.net.tr\/jeomed\/\",\"logo\":{\"@type\":\"ImageObject\",\"inLanguage\":\"tr\",\"@id\":\"https:\/\/www.alfatasarim.net.tr\/jeomed\/#\/schema\/logo\/image\/\",\"url\":\"https:\/\/www.alfatasarim.net.tr\/jeomed\/wp-content\/uploads\/2025\/10\/jeomed-logo-tto-1_1.jpg\",\"contentUrl\":\"https:\/\/www.alfatasarim.net.tr\/jeomed\/wp-content\/uploads\/2025\/10\/jeomed-logo-tto-1_1.jpg\",\"width\":628,\"height\":227,\"caption\":\"JEOMED \u0130LA\u00c7 ve SA\u011eLIK \u00dcR\u00dcNLER\u0130 A.\u015e.\"},\"image\":{\"@id\":\"https:\/\/www.alfatasarim.net.tr\/jeomed\/#\/schema\/logo\/image\/\"}}]}<\/script>\n<!-- \/ Yoast SEO plugin. -->","yoast_head_json":{"title":"Blog - JEOMED \u0130LA\u00c7 ve SA\u011eLIK \u00dcR\u00dcNLER\u0130 A.\u015e.","robots":{"index":"index","follow":"follow","max-snippet":"max-snippet:-1","max-image-preview":"max-image-preview:large","max-video-preview":"max-video-preview:-1"},"canonical":"https:\/\/www.alfatasarim.net.tr\/jeomed\/haber-blog\/blog\/","og_locale":"tr_TR","og_type":"article","og_title":"Blog - JEOMED \u0130LA\u00c7 ve SA\u011eLIK \u00dcR\u00dcNLER\u0130 A.\u015e.","og_description":"{&#8220;cpt&#8221;:&#8221;blog&#8221;,&#8221;style&#8221;:&#8221;4&#8243;,&#8221;columns&#8221;:&#8221;3&#8243;,&#8221;show&#8221;:18,&#8221;from_category&#8221;:[&#8220;blog&#8221;],&#8221;order&#8221;:&#8221;DESC&#8221;,&#8221;orderby&#8221;:&#8221;none&#8221;} 11 Kas 2025 JEOMED Kimdir 12 m\u00b2\u2019den 12.000 m\u00b2\u2019ye Uzanan Sa\u011fl\u0131kl\u0131 G\u00fczellik Hik\u00e2yesi Blog 11 Kas 2025 Demodex Tan\u0131 ve Tedavi Kitab\u0131 &#038; JEOMED\u2019in Sa\u011fl\u0131kta \u00d6nc\u00fc Rol\u00fc Blog 11 Kas 2025 \u00c7ay A\u011fac\u0131 Ya\u011f\u0131 Nedir \u2014 Do\u011fan\u0131n Mikrobiyotik G\u00fcc\u00fc Blog","og_url":"https:\/\/www.alfatasarim.net.tr\/jeomed\/haber-blog\/blog\/","og_site_name":"JEOMED \u0130LA\u00c7 ve SA\u011eLIK \u00dcR\u00dcNLER\u0130 A.\u015e.","article_modified_time":"2025-11-06T14:42:06+00:00","og_image":[{"url":"https:\/\/www.alfatasarim.net.tr\/jeomed\/wp-content\/uploads\/2025\/11\/i-copy.webp","type":"","width":"","height":""}],"twitter_card":"summary_large_image","twitter_misc":{"Tahmini okuma s\u00fcresi":"2 dakika"},"schema":{"@context":"https:\/\/schema.org","@graph":[{"@type":"WebPage","@id":"https:\/\/www.alfatasarim.net.tr\/jeomed\/haber-blog\/blog\/","url":"https:\/\/www.alfatasarim.net.tr\/jeomed\/haber-blog\/blog\/","name":"Blog - JEOMED \u0130LA\u00c7 ve SA\u011eLIK \u00dcR\u00dcNLER\u0130 A.\u015e.","isPartOf":{"@id":"https:\/\/www.alfatasarim.net.tr\/jeomed\/#website"},"primaryImageOfPage":{"@id":"https:\/\/www.alfatasarim.net.tr\/jeomed\/haber-blog\/blog\/#primaryimage"},"image":{"@id":"https:\/\/www.alfatasarim.net.tr\/jeomed\/haber-blog\/blog\/#primaryimage"},"thumbnailUrl":"https:\/\/www.alfatasarim.net.tr\/jeomed\/wp-content\/uploads\/2025\/11\/i-copy.webp","datePublished":"2025-11-06T14:41:15+00:00","dateModified":"2025-11-06T14:42:06+00:00","breadcrumb":{"@id":"https:\/\/www.alfatasarim.net.tr\/jeomed\/haber-blog\/blog\/#breadcrumb"},"inLanguage":"tr","potentialAction":[{"@type":"ReadAction","target":["https:\/\/www.alfatasarim.net.tr\/jeomed\/haber-blog\/blog\/"]}]},{"@type":"ImageObject","inLanguage":"tr","@id":"https:\/\/www.alfatasarim.net.tr\/jeomed\/haber-blog\/blog\/#primaryimage","url":"https:\/\/www.alfatasarim.net.tr\/jeomed\/wp-content\/uploads\/2025\/11\/i-copy.webp","contentUrl":"https:\/\/www.alfatasarim.net.tr\/jeomed\/wp-content\/uploads\/2025\/11\/i-copy.webp","width":480,"height":270},{"@type":"BreadcrumbList","@id":"https:\/\/www.alfatasarim.net.tr\/jeomed\/haber-blog\/blog\/#breadcrumb","itemListElement":[{"@type":"ListItem","position":1,"name":"Anasayfa","item":"https:\/\/www.alfatasarim.net.tr\/jeomed\/"},{"@type":"ListItem","position":2,"name":"Haber &#038; Blog","item":"https:\/\/www.alfatasarim.net.tr\/jeomed\/haber-blog\/"},{"@type":"ListItem","position":3,"name":"Blog"}]},{"@type":"WebSite","@id":"https:\/\/www.alfatasarim.net.tr\/jeomed\/#website","url":"https:\/\/www.alfatasarim.net.tr\/jeomed\/","name":"JEOMED \u0130LA\u00c7 ve SA\u011eLIK \u00dcR\u00dcNLER\u0130 A.\u015e.","description":"Yenilik\u00e7i G\u00fc\u00e7, Global Ba\u015far\u0131","publisher":{"@id":"https:\/\/www.alfatasarim.net.tr\/jeomed\/#organization"},"potentialAction":[{"@type":"SearchAction","target":{"@type":"EntryPoint","urlTemplate":"https:\/\/www.alfatasarim.net.tr\/jeomed\/?s={search_term_string}"},"query-input":{"@type":"PropertyValueSpecification","valueRequired":true,"valueName":"search_term_string"}}],"inLanguage":"tr"},{"@type":"Organization","@id":"https:\/\/www.alfatasarim.net.tr\/jeomed\/#organization","name":"JEOMED \u0130LA\u00c7 ve SA\u011eLIK \u00dcR\u00dcNLER\u0130 A.\u015e.","url":"https:\/\/www.alfatasarim.net.tr\/jeomed\/","logo":{"@type":"ImageObject","inLanguage":"tr","@id":"https:\/\/www.alfatasarim.net.tr\/jeomed\/#\/schema\/logo\/image\/","url":"https:\/\/www.alfatasarim.net.tr\/jeomed\/wp-content\/uploads\/2025\/10\/jeomed-logo-tto-1_1.jpg","contentUrl":"https:\/\/www.alfatasarim.net.tr\/jeomed\/wp-content\/uploads\/2025\/10\/jeomed-logo-tto-1_1.jpg","width":628,"height":227,"caption":"JEOMED \u0130LA\u00c7 ve SA\u011eLIK \u00dcR\u00dcNLER\u0130 A.\u015e."},"image":{"@id":"https:\/\/www.alfatasarim.net.tr\/jeomed\/#\/schema\/logo\/image\/"}}]}},"_links":{"self":[{"href":"https:\/\/www.alfatasarim.net.tr\/jeomed\/wp-json\/wp\/v2\/pages\/1504","targetHints":{"allow":["GET"]}}],"collection":[{"href":"https:\/\/www.alfatasarim.net.tr\/jeomed\/wp-json\/wp\/v2\/pages"}],"about":[{"href":"https:\/\/www.alfatasarim.net.tr\/jeomed\/wp-json\/wp\/v2\/types\/page"}],"author":[{"embeddable":true,"href":"https:\/\/www.alfatasarim.net.tr\/jeomed\/wp-json\/wp\/v2\/users\/1"}],"replies":[{"embeddable":true,"href":"https:\/\/www.alfatasarim.net.tr\/jeomed\/wp-json\/wp\/v2\/comments?post=1504"}],"version-history":[{"count":4,"href":"https:\/\/www.alfatasarim.net.tr\/jeomed\/wp-json\/wp\/v2\/pages\/1504\/revisions"}],"predecessor-version":[{"id":1509,"href":"https:\/\/www.alfatasarim.net.tr\/jeomed\/wp-json\/wp\/v2\/pages\/1504\/revisions\/1509"}],"up":[{"embeddable":true,"href":"https:\/\/www.alfatasarim.net.tr\/jeomed\/wp-json\/wp\/v2\/pages\/675"}],"wp:attachment":[{"href":"https:\/\/www.alfatasarim.net.tr\/jeomed\/wp-json\/wp\/v2\/media?parent=1504"}],"curies":[{"name":"wp","href":"https:\/\/api.w.org\/{rel}","templated":true}]}}