{"id":666,"date":"2025-11-04T09:29:11","date_gmt":"2025-11-04T09:29:11","guid":{"rendered":"https:\/\/www.alfatasarim.net.tr\/jeomed\/?page_id=666"},"modified":"2025-11-04T10:43:40","modified_gmt":"2025-11-04T10:43:40","slug":"vizyon-misyon","status":"publish","type":"page","link":"https:\/\/www.alfatasarim.net.tr\/jeomed\/kurumsal\/vizyon-misyon\/","title":{"rendered":"Vizyon &#038; Misyon"},"content":{"rendered":"\t\t<div data-elementor-type=\"wp-page\" data-elementor-id=\"666\" class=\"elementor elementor-666\" data-elementor-post-type=\"page\">\n\t\t\t\t\t\t<div class=\"elementor-section elementor-top-section elementor-element elementor-element-a9df658 elementor-section-stretched pbmit-col-stretched-none pbmit-bg-color-over-image elementor-section-boxed elementor-section-height-default elementor-section-height-default\" data-id=\"a9df658\" data-element_type=\"section\" data-settings=\"{&quot;stretch_section&quot;:&quot;section-stretched&quot;}\">\n\t\t\t\t\t\t<div class=\"elementor-container elementor-column-gap-no\">\n\t\t\t\t\t<div class=\"elementor-column elementor-col-100 elementor-top-column elementor-element elementor-element-ee49adb pbmit-bg-color-over-image\" data-id=\"ee49adb\" data-element_type=\"column\">\n\t\t\t<div class=\"elementor-widget-wrap elementor-element-populated\">\n\t\t\t\t\t\t<div class=\"elementor-element elementor-element-acf06fd elementor-widget elementor-widget-pbmit_multiple_icon_heading\" data-id=\"acf06fd\" data-element_type=\"widget\" data-widget_type=\"pbmit_multiple_icon_heading.default\">\n\t\t\t\t<div class=\"elementor-widget-container\">\n\t\t\t\t\t\t\t\t<div class=\"pbminfotech-element\r\n\t\t\t\tpbminfotech-element-miconheading\t\t\t\tpbmit-element-miconheading-style-7\t\t\t\tpbmit-element-viewtype-row-column\t\t\t\tpbmit-element-column-two\t\t\t\tpbmit-element-sticky-carousel-false\t\t\t\tpbmit-element-caroursel-dot-false\t\t\t\tpbmit-infinite-scroll-no\t\t\t\tpbmit-infinite-scroll-button-no\t\t\t\t\t\t\t\t\t\t\t\t\t\t\t\t\"\r\n\t\t\t\tdata-cpt=\"miconheading\"\r\n\t\t\t\tdata-totalpagination=\"1\"\r\n\t\t\t\tdata-style=\"7\"\r\n\t\t\t\tdata-show=\"3\"\r\n\t\t\t\tdata-columns=\"2\"\r\n\t\t\t\tdata-loop=\"false\"\r\n\t\t\t\tdata-autoplay=\"false\"\r\n\t\t\t\tdata-center=\"false\"\r\n\t\t\t\tdata-nav=\"false\"\r\n\t\t\t\tdata-dots=\"false\"\r\n\t\t\t\tdata-reverse=\"false\"\r\n\t\t\t\tdata-speed=\"1000\"\r\n\t\t\t\tdata-delay=\"4000\"\r\n\t\t\t\tdata-margin=\"\"\r\n\t\t\t\tdata-show-portion=\"false\">\r\n\t\t\t\t<div class=\"pbmit-element-inner\">\r\n\t\t\t\t\t<div class=\"pbmit-ele-header-area\">\r\n\t\t\t <div class=\"pbmit-heading-subheading  animation-style4\"><\/div>\t\t<\/div>\r\n\t\t\r\n\t\t<div class=\"pbmit-element-posts-wrapper row multi-columns-row\">\r\n\t\t\t<article class=\"pbmit-ele pbmit-ele-miconheading pbmit-miconheading-style-7 col-md-6   \">\t\t\t\t\t\t<div class=\"pbmit-ihbox pbmit-ihbox-style-7\">\r\n\t\t\t\t\t\t\t<div class=\"pbmit-ihbox-box\">\r\n\t<div class=\"pbmit-icon-wrapper d-flex align-items-center\">\r\n\t\t<div class=\"pbmit-ihbox-icon\"><div class=\"pbmit-ihbox-icon-wrapper pbmit-ihbox-icon-type-image\"><img decoding=\"async\" src=\"https:\/\/www.alfatasarim.net.tr\/jeomed\/wp-content\/uploads\/2025\/10\/Untitled-1.webp\" alt=\"V\u0130ZYONUMUZ\" \/><\/div><\/div>\t\t<div class=\"pbmit-title-wrap\">\r\n\t\t\t<div class=\"pbmit-ihbox-box-number\">01<\/div>\t\t\t<h2 class=\"pbmit-element-title\">\r\n\t\t\t\t\t\t\t\t\r\n\t\t\t\t\t\t\t\t\tV\u0130ZYONUMUZ\r\n\t\t\t\t\t\t\t\t\r\n\t\t\t\t\t\t\t\t<\/h2>\r\n\t\t\t\t\t\t\t\t\t\t\t\t<\/div>\r\n\t<\/div>\r\n\t<div class=\"pbmit-content-wrapper\">\r\n\t\t<div class=\"pbmit-heading-desc\">Do\u011fan\u0131n \u015fifal\u0131 g\u00fcc\u00fcn\u00fc bilimin yenilik\u00e7i \u0131\u015f\u0131\u011f\u0131yla birle\u015ftirerek, sa\u011fl\u0131k ve g\u00fczelli\u011fi ayn\u0131 potada bulu\u015fturan d\u00fcnya \u00e7ap\u0131nda g\u00fcvenilir bir T\u00fcrk markas\u0131 olmak.\n\nT\u00fcrkiye\u2019nin jeotermal zenginliklerinden ve do\u011fal kaynaklar\u0131ndan ilham alarak, mikrobiyotay\u0131 koruyan, temiz, etkili ve s\u00fcrd\u00fcr\u00fclebilir dermokozmetik \u00e7\u00f6z\u00fcmler ile global pazarda \u201csa\u011fl\u0131kl\u0131 g\u00fczelli\u011fin \u00f6nc\u00fcs\u00fc\u201d konumuna y\u00fckselmek.\n<\/div>\t<\/div>\r\n<\/div>\r\n \t\r\n\t\t\t\t\t\t<\/div>\r\n\t\t\t\t\t<\/article><article class=\"pbmit-ele pbmit-ele-miconheading pbmit-miconheading-style-7 col-md-6   \">\t\t\t\t\t\t<div class=\"pbmit-ihbox pbmit-ihbox-style-7\">\r\n\t\t\t\t\t\t\t<div class=\"pbmit-ihbox-box\">\r\n\t<div class=\"pbmit-icon-wrapper d-flex align-items-center\">\r\n\t\t<div class=\"pbmit-ihbox-icon\"><div class=\"pbmit-ihbox-icon-wrapper pbmit-ihbox-icon-type-image\"><img decoding=\"async\" src=\"https:\/\/www.alfatasarim.net.tr\/jeomed\/wp-content\/uploads\/2025\/10\/Untitled-1.webp\" alt=\"M\u0130SYONUMUZ\" \/><\/div><\/div>\t\t<div class=\"pbmit-title-wrap\">\r\n\t\t\t<div class=\"pbmit-ihbox-box-number\">01<\/div>\t\t\t<h2 class=\"pbmit-element-title\">\r\n\t\t\t\t\t\t\t\t\r\n\t\t\t\t\t\t\t\t\tM\u0130SYONUMUZ\r\n\t\t\t\t\t\t\t\t\r\n\t\t\t\t\t\t\t\t<\/h2>\r\n\t\t\t\t\t\t\t\t\t\t\t\t<\/div>\r\n\t<\/div>\r\n\t<div class=\"pbmit-content-wrapper\">\r\n\t\t<div class=\"pbmit-heading-desc\">Bilimin rehberli\u011finde, do\u011fan\u0131n g\u00fcc\u00fcn\u00fc insan sa\u011fl\u0131\u011f\u0131na kazand\u0131rmak.\n\nMikrobiyotay\u0131 koruyan, g\u00fcvenilir ve y\u00fcksek kaliteli \u00fcr\u00fcnler geli\u015ftirmek.\n\n%100 yerli Ar-Ge g\u00fcc\u00fcyle, d\u0131\u015fa ba\u011f\u0131ml\u0131l\u0131\u011f\u0131 azaltan yenilik\u00e7i form\u00fclasyonlar \u00fcretmek.\n\nT\u00fcrkiye\u2019nin inovasyon potansiyelini d\u00fcnyaya ta\u015f\u0131yarak, \u00fclkemizi dermokozmetik ve sa\u011fl\u0131k \u00fcr\u00fcnleri alan\u0131nda global arenada s\u00f6z sahibi yapmak.\n\n\u0130nsan, do\u011fa ve bilimi bir araya getiren etik, s\u00fcrd\u00fcr\u00fclebilir ve sorumlu bir \u00fcretim anlay\u0131\u015f\u0131n\u0131 s\u00fcrd\u00fcrmek.<\/div>\t<\/div>\r\n<\/div>\r\n \t\r\n\t\t\t\t\t\t<\/div>\r\n\t\t\t\t\t<\/article>\t\t<\/div>\r\n\t\t\t\t\t\t<\/div><!-- .pbmit-element-inner -->\r\n\t\t\t<\/div><!-- .pbminfotech-element -->\r\n\t\t\t\t\t\t\t<\/div>\n\t\t\t\t<\/div>\n\t\t\t\t\t<\/div>\n\t\t<\/div>\n\t\t\t\t\t<\/div>\n\t\t<\/div>\n\t\t\t\t<\/div>\n\t\t","protected":false},"excerpt":{"rendered":"<p>01 V\u0130ZYONUMUZ Do\u011fan\u0131n \u015fifal\u0131 g\u00fcc\u00fcn\u00fc bilimin yenilik\u00e7i \u0131\u015f\u0131\u011f\u0131yla birle\u015ftirerek, sa\u011fl\u0131k ve g\u00fczelli\u011fi ayn\u0131 potada bulu\u015fturan d\u00fcnya \u00e7ap\u0131nda g\u00fcvenilir bir T\u00fcrk markas\u0131 olmak. T\u00fcrkiye\u2019nin jeotermal zenginliklerinden ve do\u011fal kaynaklar\u0131ndan ilham alarak, mikrobiyotay\u0131 koruyan, temiz, etkili ve s\u00fcrd\u00fcr\u00fclebilir dermokozmetik \u00e7\u00f6z\u00fcmler ile global pazarda \u201csa\u011fl\u0131kl\u0131 g\u00fczelli\u011fin \u00f6nc\u00fcs\u00fc\u201d konumuna y\u00fckselmek. 01 M\u0130SYONUMUZ Bilimin rehberli\u011finde, do\u011fan\u0131n g\u00fcc\u00fcn\u00fc insan sa\u011fl\u0131\u011f\u0131na kazand\u0131rmak. [&hellip;]<\/p>\n","protected":false},"author":1,"featured_media":0,"parent":661,"menu_order":0,"comment_status":"closed","ping_status":"closed","template":"","meta":{"_acf_changed":false,"inline_featured_image":false,"footnotes":""},"class_list":["post-666","page","type-page","status-publish","hentry"],"acf":[],"yoast_head":"<!-- This site is optimized with the Yoast SEO plugin v26.3 - https:\/\/yoast.com\/wordpress\/plugins\/seo\/ -->\n<title>Vizyon &amp; Misyon - JEOMED \u0130LA\u00c7 ve SA\u011eLIK \u00dcR\u00dcNLER\u0130 A.\u015e.<\/title>\n<meta name=\"robots\" content=\"index, follow, max-snippet:-1, max-image-preview:large, max-video-preview:-1\" \/>\n<link rel=\"canonical\" href=\"https:\/\/www.alfatasarim.net.tr\/jeomed\/kurumsal\/vizyon-misyon\/\" \/>\n<meta property=\"og:locale\" content=\"tr_TR\" \/>\n<meta property=\"og:type\" content=\"article\" \/>\n<meta property=\"og:title\" content=\"Vizyon &amp; Misyon - JEOMED \u0130LA\u00c7 ve SA\u011eLIK \u00dcR\u00dcNLER\u0130 A.\u015e.\" \/>\n<meta property=\"og:description\" content=\"01 V\u0130ZYONUMUZ Do\u011fan\u0131n \u015fifal\u0131 g\u00fcc\u00fcn\u00fc bilimin yenilik\u00e7i \u0131\u015f\u0131\u011f\u0131yla birle\u015ftirerek, sa\u011fl\u0131k ve g\u00fczelli\u011fi ayn\u0131 potada bulu\u015fturan d\u00fcnya \u00e7ap\u0131nda g\u00fcvenilir bir T\u00fcrk markas\u0131 olmak. T\u00fcrkiye\u2019nin jeotermal zenginliklerinden ve do\u011fal kaynaklar\u0131ndan ilham alarak, mikrobiyotay\u0131 koruyan, temiz, etkili ve s\u00fcrd\u00fcr\u00fclebilir dermokozmetik \u00e7\u00f6z\u00fcmler ile global pazarda \u201csa\u011fl\u0131kl\u0131 g\u00fczelli\u011fin \u00f6nc\u00fcs\u00fc\u201d konumuna y\u00fckselmek. 01 M\u0130SYONUMUZ Bilimin rehberli\u011finde, do\u011fan\u0131n g\u00fcc\u00fcn\u00fc insan sa\u011fl\u0131\u011f\u0131na kazand\u0131rmak. [&hellip;]\" \/>\n<meta property=\"og:url\" content=\"https:\/\/www.alfatasarim.net.tr\/jeomed\/kurumsal\/vizyon-misyon\/\" \/>\n<meta property=\"og:site_name\" content=\"JEOMED \u0130LA\u00c7 ve SA\u011eLIK \u00dcR\u00dcNLER\u0130 A.\u015e.\" \/>\n<meta property=\"article:modified_time\" content=\"2025-11-04T10:43:40+00:00\" \/>\n<meta property=\"og:image\" content=\"https:\/\/www.alfatasarim.net.tr\/jeomed\/wp-content\/uploads\/2025\/10\/Untitled-1.webp\" \/>\n<meta name=\"twitter:card\" content=\"summary_large_image\" \/>\n<meta name=\"twitter:label1\" content=\"Tahmini okuma s\u00fcresi\" \/>\n\t<meta name=\"twitter:data1\" content=\"2 dakika\" \/>\n<script type=\"application\/ld+json\" class=\"yoast-schema-graph\">{\"@context\":\"https:\/\/schema.org\",\"@graph\":[{\"@type\":\"WebPage\",\"@id\":\"https:\/\/www.alfatasarim.net.tr\/jeomed\/kurumsal\/vizyon-misyon\/\",\"url\":\"https:\/\/www.alfatasarim.net.tr\/jeomed\/kurumsal\/vizyon-misyon\/\",\"name\":\"Vizyon & Misyon - JEOMED \u0130LA\u00c7 ve SA\u011eLIK \u00dcR\u00dcNLER\u0130 A.\u015e.\",\"isPartOf\":{\"@id\":\"https:\/\/www.alfatasarim.net.tr\/jeomed\/#website\"},\"primaryImageOfPage\":{\"@id\":\"https:\/\/www.alfatasarim.net.tr\/jeomed\/kurumsal\/vizyon-misyon\/#primaryimage\"},\"image\":{\"@id\":\"https:\/\/www.alfatasarim.net.tr\/jeomed\/kurumsal\/vizyon-misyon\/#primaryimage\"},\"thumbnailUrl\":\"https:\/\/www.alfatasarim.net.tr\/jeomed\/wp-content\/uploads\/2025\/10\/Untitled-1.webp\",\"datePublished\":\"2025-11-04T09:29:11+00:00\",\"dateModified\":\"2025-11-04T10:43:40+00:00\",\"breadcrumb\":{\"@id\":\"https:\/\/www.alfatasarim.net.tr\/jeomed\/kurumsal\/vizyon-misyon\/#breadcrumb\"},\"inLanguage\":\"tr\",\"potentialAction\":[{\"@type\":\"ReadAction\",\"target\":[\"https:\/\/www.alfatasarim.net.tr\/jeomed\/kurumsal\/vizyon-misyon\/\"]}]},{\"@type\":\"ImageObject\",\"inLanguage\":\"tr\",\"@id\":\"https:\/\/www.alfatasarim.net.tr\/jeomed\/kurumsal\/vizyon-misyon\/#primaryimage\",\"url\":\"https:\/\/www.alfatasarim.net.tr\/jeomed\/wp-content\/uploads\/2025\/10\/Untitled-1.webp\",\"contentUrl\":\"https:\/\/www.alfatasarim.net.tr\/jeomed\/wp-content\/uploads\/2025\/10\/Untitled-1.webp\",\"width\":79,\"height\":166},{\"@type\":\"BreadcrumbList\",\"@id\":\"https:\/\/www.alfatasarim.net.tr\/jeomed\/kurumsal\/vizyon-misyon\/#breadcrumb\",\"itemListElement\":[{\"@type\":\"ListItem\",\"position\":1,\"name\":\"Anasayfa\",\"item\":\"https:\/\/www.alfatasarim.net.tr\/jeomed\/\"},{\"@type\":\"ListItem\",\"position\":2,\"name\":\"KURUMSAL\",\"item\":\"https:\/\/www.alfatasarim.net.tr\/jeomed\/kurumsal\/\"},{\"@type\":\"ListItem\",\"position\":3,\"name\":\"Vizyon &#038; Misyon\"}]},{\"@type\":\"WebSite\",\"@id\":\"https:\/\/www.alfatasarim.net.tr\/jeomed\/#website\",\"url\":\"https:\/\/www.alfatasarim.net.tr\/jeomed\/\",\"name\":\"JEOMED \u0130LA\u00c7 ve SA\u011eLIK \u00dcR\u00dcNLER\u0130 A.\u015e.\",\"description\":\"Yenilik\u00e7i G\u00fc\u00e7, Global Ba\u015far\u0131\",\"publisher\":{\"@id\":\"https:\/\/www.alfatasarim.net.tr\/jeomed\/#organization\"},\"potentialAction\":[{\"@type\":\"SearchAction\",\"target\":{\"@type\":\"EntryPoint\",\"urlTemplate\":\"https:\/\/www.alfatasarim.net.tr\/jeomed\/?s={search_term_string}\"},\"query-input\":{\"@type\":\"PropertyValueSpecification\",\"valueRequired\":true,\"valueName\":\"search_term_string\"}}],\"inLanguage\":\"tr\"},{\"@type\":\"Organization\",\"@id\":\"https:\/\/www.alfatasarim.net.tr\/jeomed\/#organization\",\"name\":\"JEOMED \u0130LA\u00c7 ve SA\u011eLIK \u00dcR\u00dcNLER\u0130 A.\u015e.\",\"url\":\"https:\/\/www.alfatasarim.net.tr\/jeomed\/\",\"logo\":{\"@type\":\"ImageObject\",\"inLanguage\":\"tr\",\"@id\":\"https:\/\/www.alfatasarim.net.tr\/jeomed\/#\/schema\/logo\/image\/\",\"url\":\"https:\/\/www.alfatasarim.net.tr\/jeomed\/wp-content\/uploads\/2025\/10\/jeomed-logo-tto-1_1.jpg\",\"contentUrl\":\"https:\/\/www.alfatasarim.net.tr\/jeomed\/wp-content\/uploads\/2025\/10\/jeomed-logo-tto-1_1.jpg\",\"width\":628,\"height\":227,\"caption\":\"JEOMED \u0130LA\u00c7 ve SA\u011eLIK \u00dcR\u00dcNLER\u0130 A.\u015e.\"},\"image\":{\"@id\":\"https:\/\/www.alfatasarim.net.tr\/jeomed\/#\/schema\/logo\/image\/\"}}]}<\/script>\n<!-- \/ Yoast SEO plugin. -->","yoast_head_json":{"title":"Vizyon & Misyon - JEOMED \u0130LA\u00c7 ve SA\u011eLIK \u00dcR\u00dcNLER\u0130 A.\u015e.","robots":{"index":"index","follow":"follow","max-snippet":"max-snippet:-1","max-image-preview":"max-image-preview:large","max-video-preview":"max-video-preview:-1"},"canonical":"https:\/\/www.alfatasarim.net.tr\/jeomed\/kurumsal\/vizyon-misyon\/","og_locale":"tr_TR","og_type":"article","og_title":"Vizyon & Misyon - JEOMED \u0130LA\u00c7 ve SA\u011eLIK \u00dcR\u00dcNLER\u0130 A.\u015e.","og_description":"01 V\u0130ZYONUMUZ Do\u011fan\u0131n \u015fifal\u0131 g\u00fcc\u00fcn\u00fc bilimin yenilik\u00e7i \u0131\u015f\u0131\u011f\u0131yla birle\u015ftirerek, sa\u011fl\u0131k ve g\u00fczelli\u011fi ayn\u0131 potada bulu\u015fturan d\u00fcnya \u00e7ap\u0131nda g\u00fcvenilir bir T\u00fcrk markas\u0131 olmak. T\u00fcrkiye\u2019nin jeotermal zenginliklerinden ve do\u011fal kaynaklar\u0131ndan ilham alarak, mikrobiyotay\u0131 koruyan, temiz, etkili ve s\u00fcrd\u00fcr\u00fclebilir dermokozmetik \u00e7\u00f6z\u00fcmler ile global pazarda \u201csa\u011fl\u0131kl\u0131 g\u00fczelli\u011fin \u00f6nc\u00fcs\u00fc\u201d konumuna y\u00fckselmek. 01 M\u0130SYONUMUZ Bilimin rehberli\u011finde, do\u011fan\u0131n g\u00fcc\u00fcn\u00fc insan sa\u011fl\u0131\u011f\u0131na kazand\u0131rmak. [&hellip;]","og_url":"https:\/\/www.alfatasarim.net.tr\/jeomed\/kurumsal\/vizyon-misyon\/","og_site_name":"JEOMED \u0130LA\u00c7 ve SA\u011eLIK \u00dcR\u00dcNLER\u0130 A.\u015e.","article_modified_time":"2025-11-04T10:43:40+00:00","og_image":[{"url":"https:\/\/www.alfatasarim.net.tr\/jeomed\/wp-content\/uploads\/2025\/10\/Untitled-1.webp","type":"","width":"","height":""}],"twitter_card":"summary_large_image","twitter_misc":{"Tahmini okuma s\u00fcresi":"2 dakika"},"schema":{"@context":"https:\/\/schema.org","@graph":[{"@type":"WebPage","@id":"https:\/\/www.alfatasarim.net.tr\/jeomed\/kurumsal\/vizyon-misyon\/","url":"https:\/\/www.alfatasarim.net.tr\/jeomed\/kurumsal\/vizyon-misyon\/","name":"Vizyon & Misyon - JEOMED \u0130LA\u00c7 ve SA\u011eLIK \u00dcR\u00dcNLER\u0130 A.\u015e.","isPartOf":{"@id":"https:\/\/www.alfatasarim.net.tr\/jeomed\/#website"},"primaryImageOfPage":{"@id":"https:\/\/www.alfatasarim.net.tr\/jeomed\/kurumsal\/vizyon-misyon\/#primaryimage"},"image":{"@id":"https:\/\/www.alfatasarim.net.tr\/jeomed\/kurumsal\/vizyon-misyon\/#primaryimage"},"thumbnailUrl":"https:\/\/www.alfatasarim.net.tr\/jeomed\/wp-content\/uploads\/2025\/10\/Untitled-1.webp","datePublished":"2025-11-04T09:29:11+00:00","dateModified":"2025-11-04T10:43:40+00:00","breadcrumb":{"@id":"https:\/\/www.alfatasarim.net.tr\/jeomed\/kurumsal\/vizyon-misyon\/#breadcrumb"},"inLanguage":"tr","potentialAction":[{"@type":"ReadAction","target":["https:\/\/www.alfatasarim.net.tr\/jeomed\/kurumsal\/vizyon-misyon\/"]}]},{"@type":"ImageObject","inLanguage":"tr","@id":"https:\/\/www.alfatasarim.net.tr\/jeomed\/kurumsal\/vizyon-misyon\/#primaryimage","url":"https:\/\/www.alfatasarim.net.tr\/jeomed\/wp-content\/uploads\/2025\/10\/Untitled-1.webp","contentUrl":"https:\/\/www.alfatasarim.net.tr\/jeomed\/wp-content\/uploads\/2025\/10\/Untitled-1.webp","width":79,"height":166},{"@type":"BreadcrumbList","@id":"https:\/\/www.alfatasarim.net.tr\/jeomed\/kurumsal\/vizyon-misyon\/#breadcrumb","itemListElement":[{"@type":"ListItem","position":1,"name":"Anasayfa","item":"https:\/\/www.alfatasarim.net.tr\/jeomed\/"},{"@type":"ListItem","position":2,"name":"KURUMSAL","item":"https:\/\/www.alfatasarim.net.tr\/jeomed\/kurumsal\/"},{"@type":"ListItem","position":3,"name":"Vizyon &#038; Misyon"}]},{"@type":"WebSite","@id":"https:\/\/www.alfatasarim.net.tr\/jeomed\/#website","url":"https:\/\/www.alfatasarim.net.tr\/jeomed\/","name":"JEOMED \u0130LA\u00c7 ve SA\u011eLIK \u00dcR\u00dcNLER\u0130 A.\u015e.","description":"Yenilik\u00e7i G\u00fc\u00e7, Global Ba\u015far\u0131","publisher":{"@id":"https:\/\/www.alfatasarim.net.tr\/jeomed\/#organization"},"potentialAction":[{"@type":"SearchAction","target":{"@type":"EntryPoint","urlTemplate":"https:\/\/www.alfatasarim.net.tr\/jeomed\/?s={search_term_string}"},"query-input":{"@type":"PropertyValueSpecification","valueRequired":true,"valueName":"search_term_string"}}],"inLanguage":"tr"},{"@type":"Organization","@id":"https:\/\/www.alfatasarim.net.tr\/jeomed\/#organization","name":"JEOMED \u0130LA\u00c7 ve SA\u011eLIK \u00dcR\u00dcNLER\u0130 A.\u015e.","url":"https:\/\/www.alfatasarim.net.tr\/jeomed\/","logo":{"@type":"ImageObject","inLanguage":"tr","@id":"https:\/\/www.alfatasarim.net.tr\/jeomed\/#\/schema\/logo\/image\/","url":"https:\/\/www.alfatasarim.net.tr\/jeomed\/wp-content\/uploads\/2025\/10\/jeomed-logo-tto-1_1.jpg","contentUrl":"https:\/\/www.alfatasarim.net.tr\/jeomed\/wp-content\/uploads\/2025\/10\/jeomed-logo-tto-1_1.jpg","width":628,"height":227,"caption":"JEOMED \u0130LA\u00c7 ve SA\u011eLIK \u00dcR\u00dcNLER\u0130 A.\u015e."},"image":{"@id":"https:\/\/www.alfatasarim.net.tr\/jeomed\/#\/schema\/logo\/image\/"}}]}},"_links":{"self":[{"href":"https:\/\/www.alfatasarim.net.tr\/jeomed\/wp-json\/wp\/v2\/pages\/666","targetHints":{"allow":["GET"]}}],"collection":[{"href":"https:\/\/www.alfatasarim.net.tr\/jeomed\/wp-json\/wp\/v2\/pages"}],"about":[{"href":"https:\/\/www.alfatasarim.net.tr\/jeomed\/wp-json\/wp\/v2\/types\/page"}],"author":[{"embeddable":true,"href":"https:\/\/www.alfatasarim.net.tr\/jeomed\/wp-json\/wp\/v2\/users\/1"}],"replies":[{"embeddable":true,"href":"https:\/\/www.alfatasarim.net.tr\/jeomed\/wp-json\/wp\/v2\/comments?post=666"}],"version-history":[{"count":7,"href":"https:\/\/www.alfatasarim.net.tr\/jeomed\/wp-json\/wp\/v2\/pages\/666\/revisions"}],"predecessor-version":[{"id":821,"href":"https:\/\/www.alfatasarim.net.tr\/jeomed\/wp-json\/wp\/v2\/pages\/666\/revisions\/821"}],"up":[{"embeddable":true,"href":"https:\/\/www.alfatasarim.net.tr\/jeomed\/wp-json\/wp\/v2\/pages\/661"}],"wp:attachment":[{"href":"https:\/\/www.alfatasarim.net.tr\/jeomed\/wp-json\/wp\/v2\/media?parent=666"}],"curies":[{"name":"wp","href":"https:\/\/api.w.org\/{rel}","templated":true}]}}