{"id":668,"date":"2025-11-04T09:29:20","date_gmt":"2025-11-04T09:29:20","guid":{"rendered":"https:\/\/www.alfatasarim.net.tr\/jeomed\/?page_id=668"},"modified":"2025-11-21T13:09:09","modified_gmt":"2025-11-21T13:09:09","slug":"sertifikalar","status":"publish","type":"page","link":"https:\/\/www.alfatasarim.net.tr\/jeomed\/kurumsal\/sertifikalar\/","title":{"rendered":"Sertifikalar"},"content":{"rendered":"\t\t<div data-elementor-type=\"wp-page\" data-elementor-id=\"668\" class=\"elementor elementor-668\" data-elementor-post-type=\"page\">\n\t\t\t\t\t\t<section class=\"elementor-section elementor-top-section elementor-element elementor-element-56dd6a1 pbmit-col-stretched-none pbmit-bg-color-over-image elementor-section-boxed elementor-section-height-default elementor-section-height-default\" data-id=\"56dd6a1\" data-element_type=\"section\">\n\t\t\t\t\t\t<div class=\"elementor-container elementor-column-gap-default\">\n\t\t\t\t\t<div class=\"elementor-column elementor-col-100 elementor-top-column elementor-element elementor-element-00e61ed pbmit-bg-color-over-image\" data-id=\"00e61ed\" data-element_type=\"column\">\n\t\t\t<div class=\"elementor-widget-wrap elementor-element-populated\">\n\t\t\t\t\t\t<div class=\"elementor-element elementor-element-08168f5 gallery-spacing-custom elementor-widget elementor-widget-image-gallery\" data-id=\"08168f5\" data-element_type=\"widget\" data-widget_type=\"image-gallery.default\">\n\t\t\t\t<div class=\"elementor-widget-container\">\n\t\t\t\t\t\t\t<div class=\"elementor-image-gallery\">\n\t\t\t<div id='gallery-1' class='gallery galleryid-668 gallery-columns-6 gallery-size-full'><figure class='gallery-item'>\n\t\t\t<div class='gallery-icon portrait'>\n\t\t\t\t<a data-elementor-open-lightbox=\"yes\" data-elementor-lightbox-slideshow=\"08168f5\" data-elementor-lightbox-title=\"CPNP SERTIFIKA JEOMED\" data-e-action-hash=\"#elementor-action%3Aaction%3Dlightbox%26settings%3DeyJpZCI6ODIyLCJ1cmwiOiJodHRwczpcL1wvd3d3LmFsZmF0YXNhcmltLm5ldC50clwvamVvbWVkXC93cC1jb250ZW50XC91cGxvYWRzXC8yMDI1XC8xMVwvQ1BOUC1TRVJUSUZJS0EtSkVPTUVELXNjYWxlZC53ZWJwIiwic2xpZGVzaG93IjoiMDgxNjhmNSJ9\" href='https:\/\/www.alfatasarim.net.tr\/jeomed\/wp-content\/uploads\/2025\/11\/CPNP-SERTIFIKA-JEOMED-scaled.webp'><img fetchpriority=\"high\" decoding=\"async\" width=\"1792\" height=\"2560\" src=\"https:\/\/www.alfatasarim.net.tr\/jeomed\/wp-content\/uploads\/2025\/11\/CPNP-SERTIFIKA-JEOMED-scaled.webp\" class=\"attachment-full size-full\" alt=\"\" srcset=\"https:\/\/www.alfatasarim.net.tr\/jeomed\/wp-content\/uploads\/2025\/11\/CPNP-SERTIFIKA-JEOMED-scaled.webp 1792w, https:\/\/www.alfatasarim.net.tr\/jeomed\/wp-content\/uploads\/2025\/11\/CPNP-SERTIFIKA-JEOMED-210x300.webp 210w, https:\/\/www.alfatasarim.net.tr\/jeomed\/wp-content\/uploads\/2025\/11\/CPNP-SERTIFIKA-JEOMED-717x1024.webp 717w, https:\/\/www.alfatasarim.net.tr\/jeomed\/wp-content\/uploads\/2025\/11\/CPNP-SERTIFIKA-JEOMED-768x1097.webp 768w, https:\/\/www.alfatasarim.net.tr\/jeomed\/wp-content\/uploads\/2025\/11\/CPNP-SERTIFIKA-JEOMED-1075x1536.webp 1075w, https:\/\/www.alfatasarim.net.tr\/jeomed\/wp-content\/uploads\/2025\/11\/CPNP-SERTIFIKA-JEOMED-1434x2048.webp 1434w, https:\/\/www.alfatasarim.net.tr\/jeomed\/wp-content\/uploads\/2025\/11\/CPNP-SERTIFIKA-JEOMED-770x1099.webp 770w\" sizes=\"(max-width: 1792px) 100vw, 1792px\" \/><\/a>\n\t\t\t<\/div><\/figure><figure class='gallery-item'>\n\t\t\t<div class='gallery-icon portrait'>\n\t\t\t\t<a data-elementor-open-lightbox=\"yes\" data-elementor-lightbox-slideshow=\"08168f5\" data-elementor-lightbox-title=\"CPNP SERTIFIKA JEOMED1\" data-e-action-hash=\"#elementor-action%3Aaction%3Dlightbox%26settings%3DeyJpZCI6ODI0LCJ1cmwiOiJodHRwczpcL1wvd3d3LmFsZmF0YXNhcmltLm5ldC50clwvamVvbWVkXC93cC1jb250ZW50XC91cGxvYWRzXC8yMDI1XC8xMVwvQ1BOUC1TRVJUSUZJS0EtSkVPTUVEMS1zY2FsZWQud2VicCIsInNsaWRlc2hvdyI6IjA4MTY4ZjUifQ%3D%3D\" href='https:\/\/www.alfatasarim.net.tr\/jeomed\/wp-content\/uploads\/2025\/11\/CPNP-SERTIFIKA-JEOMED1-scaled.webp'><img decoding=\"async\" width=\"1758\" height=\"2560\" src=\"https:\/\/www.alfatasarim.net.tr\/jeomed\/wp-content\/uploads\/2025\/11\/CPNP-SERTIFIKA-JEOMED1-scaled.webp\" class=\"attachment-full size-full\" alt=\"\" srcset=\"https:\/\/www.alfatasarim.net.tr\/jeomed\/wp-content\/uploads\/2025\/11\/CPNP-SERTIFIKA-JEOMED1-scaled.webp 1758w, https:\/\/www.alfatasarim.net.tr\/jeomed\/wp-content\/uploads\/2025\/11\/CPNP-SERTIFIKA-JEOMED1-206x300.webp 206w, https:\/\/www.alfatasarim.net.tr\/jeomed\/wp-content\/uploads\/2025\/11\/CPNP-SERTIFIKA-JEOMED1-703x1024.webp 703w, https:\/\/www.alfatasarim.net.tr\/jeomed\/wp-content\/uploads\/2025\/11\/CPNP-SERTIFIKA-JEOMED1-768x1119.webp 768w, https:\/\/www.alfatasarim.net.tr\/jeomed\/wp-content\/uploads\/2025\/11\/CPNP-SERTIFIKA-JEOMED1-1055x1536.webp 1055w, https:\/\/www.alfatasarim.net.tr\/jeomed\/wp-content\/uploads\/2025\/11\/CPNP-SERTIFIKA-JEOMED1-1406x2048.webp 1406w\" sizes=\"(max-width: 1758px) 100vw, 1758px\" \/><\/a>\n\t\t\t<\/div><\/figure><figure class='gallery-item'>\n\t\t\t<div class='gallery-icon portrait'>\n\t\t\t\t<a data-elementor-open-lightbox=\"yes\" data-elementor-lightbox-slideshow=\"08168f5\" data-elementor-lightbox-title=\"FDA Kay\u0131t 1.Parti\" data-e-action-hash=\"#elementor-action%3Aaction%3Dlightbox%26settings%3DeyJpZCI6ODMxLCJ1cmwiOiJodHRwczpcL1wvd3d3LmFsZmF0YXNhcmltLm5ldC50clwvamVvbWVkXC93cC1jb250ZW50XC91cGxvYWRzXC8yMDI1XC8xMVwvRkRBLUtheWl0LTEuUGFydGlfLXNjYWxlZC53ZWJwIiwic2xpZGVzaG93IjoiMDgxNjhmNSJ9\" href='https:\/\/www.alfatasarim.net.tr\/jeomed\/wp-content\/uploads\/2025\/11\/FDA-Kayit-1.Parti_-scaled.webp'><img decoding=\"async\" width=\"1814\" height=\"2560\" src=\"https:\/\/www.alfatasarim.net.tr\/jeomed\/wp-content\/uploads\/2025\/11\/FDA-Kayit-1.Parti_-scaled.webp\" class=\"attachment-full size-full\" alt=\"\" srcset=\"https:\/\/www.alfatasarim.net.tr\/jeomed\/wp-content\/uploads\/2025\/11\/FDA-Kayit-1.Parti_-scaled.webp 1814w, https:\/\/www.alfatasarim.net.tr\/jeomed\/wp-content\/uploads\/2025\/11\/FDA-Kayit-1.Parti_-213x300.webp 213w, https:\/\/www.alfatasarim.net.tr\/jeomed\/wp-content\/uploads\/2025\/11\/FDA-Kayit-1.Parti_-725x1024.webp 725w, https:\/\/www.alfatasarim.net.tr\/jeomed\/wp-content\/uploads\/2025\/11\/FDA-Kayit-1.Parti_-768x1084.webp 768w, https:\/\/www.alfatasarim.net.tr\/jeomed\/wp-content\/uploads\/2025\/11\/FDA-Kayit-1.Parti_-1088x1536.webp 1088w, https:\/\/www.alfatasarim.net.tr\/jeomed\/wp-content\/uploads\/2025\/11\/FDA-Kayit-1.Parti_-1451x2048.webp 1451w\" sizes=\"(max-width: 1814px) 100vw, 1814px\" \/><\/a>\n\t\t\t<\/div><\/figure><figure class='gallery-item'>\n\t\t\t<div class='gallery-icon portrait'>\n\t\t\t\t<a data-elementor-open-lightbox=\"yes\" data-elementor-lightbox-slideshow=\"08168f5\" data-elementor-lightbox-title=\"FDA Kay\u0131t 2 Parti-1\" data-e-action-hash=\"#elementor-action%3Aaction%3Dlightbox%26settings%3DeyJpZCI6ODMyLCJ1cmwiOiJodHRwczpcL1wvd3d3LmFsZmF0YXNhcmltLm5ldC50clwvamVvbWVkXC93cC1jb250ZW50XC91cGxvYWRzXC8yMDI1XC8xMVwvRkRBLUtheWl0LTItUGFydGktMS1zY2FsZWQud2VicCIsInNsaWRlc2hvdyI6IjA4MTY4ZjUifQ%3D%3D\" href='https:\/\/www.alfatasarim.net.tr\/jeomed\/wp-content\/uploads\/2025\/11\/FDA-Kayit-2-Parti-1-scaled.webp'><img loading=\"lazy\" decoding=\"async\" width=\"1811\" height=\"2560\" src=\"https:\/\/www.alfatasarim.net.tr\/jeomed\/wp-content\/uploads\/2025\/11\/FDA-Kayit-2-Parti-1-scaled.webp\" class=\"attachment-full size-full\" alt=\"\" srcset=\"https:\/\/www.alfatasarim.net.tr\/jeomed\/wp-content\/uploads\/2025\/11\/FDA-Kayit-2-Parti-1-scaled.webp 1811w, https:\/\/www.alfatasarim.net.tr\/jeomed\/wp-content\/uploads\/2025\/11\/FDA-Kayit-2-Parti-1-212x300.webp 212w, https:\/\/www.alfatasarim.net.tr\/jeomed\/wp-content\/uploads\/2025\/11\/FDA-Kayit-2-Parti-1-724x1024.webp 724w, https:\/\/www.alfatasarim.net.tr\/jeomed\/wp-content\/uploads\/2025\/11\/FDA-Kayit-2-Parti-1-768x1086.webp 768w, https:\/\/www.alfatasarim.net.tr\/jeomed\/wp-content\/uploads\/2025\/11\/FDA-Kayit-2-Parti-1-1086x1536.webp 1086w, https:\/\/www.alfatasarim.net.tr\/jeomed\/wp-content\/uploads\/2025\/11\/FDA-Kayit-2-Parti-1-1448x2048.webp 1448w\" sizes=\"(max-width: 1811px) 100vw, 1811px\" \/><\/a>\n\t\t\t<\/div><\/figure><figure class='gallery-item'>\n\t\t\t<div class='gallery-icon portrait'>\n\t\t\t\t<a data-elementor-open-lightbox=\"yes\" data-elementor-lightbox-slideshow=\"08168f5\" data-elementor-lightbox-title=\"FDA Kay\u0131t 2 Parti-2\" data-e-action-hash=\"#elementor-action%3Aaction%3Dlightbox%26settings%3DeyJpZCI6ODMzLCJ1cmwiOiJodHRwczpcL1wvd3d3LmFsZmF0YXNhcmltLm5ldC50clwvamVvbWVkXC93cC1jb250ZW50XC91cGxvYWRzXC8yMDI1XC8xMVwvRkRBLUtheWl0LTItUGFydGktMi1zY2FsZWQud2VicCIsInNsaWRlc2hvdyI6IjA4MTY4ZjUifQ%3D%3D\" href='https:\/\/www.alfatasarim.net.tr\/jeomed\/wp-content\/uploads\/2025\/11\/FDA-Kayit-2-Parti-2-scaled.webp'><img loading=\"lazy\" decoding=\"async\" width=\"1811\" height=\"2560\" src=\"https:\/\/www.alfatasarim.net.tr\/jeomed\/wp-content\/uploads\/2025\/11\/FDA-Kayit-2-Parti-2-scaled.webp\" class=\"attachment-full size-full\" alt=\"\" srcset=\"https:\/\/www.alfatasarim.net.tr\/jeomed\/wp-content\/uploads\/2025\/11\/FDA-Kayit-2-Parti-2-scaled.webp 1811w, https:\/\/www.alfatasarim.net.tr\/jeomed\/wp-content\/uploads\/2025\/11\/FDA-Kayit-2-Parti-2-212x300.webp 212w, https:\/\/www.alfatasarim.net.tr\/jeomed\/wp-content\/uploads\/2025\/11\/FDA-Kayit-2-Parti-2-724x1024.webp 724w, https:\/\/www.alfatasarim.net.tr\/jeomed\/wp-content\/uploads\/2025\/11\/FDA-Kayit-2-Parti-2-768x1086.webp 768w, https:\/\/www.alfatasarim.net.tr\/jeomed\/wp-content\/uploads\/2025\/11\/FDA-Kayit-2-Parti-2-1086x1536.webp 1086w, https:\/\/www.alfatasarim.net.tr\/jeomed\/wp-content\/uploads\/2025\/11\/FDA-Kayit-2-Parti-2-1448x2048.webp 1448w\" sizes=\"(max-width: 1811px) 100vw, 1811px\" \/><\/a>\n\t\t\t<\/div><\/figure><figure class='gallery-item'>\n\t\t\t<div class='gallery-icon portrait'>\n\t\t\t\t<a data-elementor-open-lightbox=\"yes\" data-elementor-lightbox-slideshow=\"08168f5\" data-elementor-lightbox-title=\"FDA Kay\u0131t 3\" data-e-action-hash=\"#elementor-action%3Aaction%3Dlightbox%26settings%3DeyJpZCI6ODM0LCJ1cmwiOiJodHRwczpcL1wvd3d3LmFsZmF0YXNhcmltLm5ldC50clwvamVvbWVkXC93cC1jb250ZW50XC91cGxvYWRzXC8yMDI1XC8xMVwvRkRBLUtheWl0LTMtc2NhbGVkLndlYnAiLCJzbGlkZXNob3ciOiIwODE2OGY1In0%3D\" href='https:\/\/www.alfatasarim.net.tr\/jeomed\/wp-content\/uploads\/2025\/11\/FDA-Kayit-3-scaled.webp'><img loading=\"lazy\" decoding=\"async\" width=\"1811\" height=\"2560\" src=\"https:\/\/www.alfatasarim.net.tr\/jeomed\/wp-content\/uploads\/2025\/11\/FDA-Kayit-3-scaled.webp\" class=\"attachment-full size-full\" alt=\"\" srcset=\"https:\/\/www.alfatasarim.net.tr\/jeomed\/wp-content\/uploads\/2025\/11\/FDA-Kayit-3-scaled.webp 1811w, https:\/\/www.alfatasarim.net.tr\/jeomed\/wp-content\/uploads\/2025\/11\/FDA-Kayit-3-212x300.webp 212w, https:\/\/www.alfatasarim.net.tr\/jeomed\/wp-content\/uploads\/2025\/11\/FDA-Kayit-3-724x1024.webp 724w, https:\/\/www.alfatasarim.net.tr\/jeomed\/wp-content\/uploads\/2025\/11\/FDA-Kayit-3-768x1086.webp 768w, https:\/\/www.alfatasarim.net.tr\/jeomed\/wp-content\/uploads\/2025\/11\/FDA-Kayit-3-1086x1536.webp 1086w, https:\/\/www.alfatasarim.net.tr\/jeomed\/wp-content\/uploads\/2025\/11\/FDA-Kayit-3-1448x2048.webp 1448w\" sizes=\"(max-width: 1811px) 100vw, 1811px\" \/><\/a>\n\t\t\t<\/div><\/figure><figure class='gallery-item'>\n\t\t\t<div class='gallery-icon portrait'>\n\t\t\t\t<a data-elementor-open-lightbox=\"yes\" data-elementor-lightbox-slideshow=\"08168f5\" data-elementor-lightbox-title=\"GMP ISO 22716-2013 &#039;24\" data-e-action-hash=\"#elementor-action%3Aaction%3Dlightbox%26settings%3DeyJpZCI6ODM2LCJ1cmwiOiJodHRwczpcL1wvd3d3LmFsZmF0YXNhcmltLm5ldC50clwvamVvbWVkXC93cC1jb250ZW50XC91cGxvYWRzXC8yMDI1XC8xMVwvR01QLUlTTy0yMjcxNi0yMDEzLTI0LXNjYWxlZC53ZWJwIiwic2xpZGVzaG93IjoiMDgxNjhmNSJ9\" href='https:\/\/www.alfatasarim.net.tr\/jeomed\/wp-content\/uploads\/2025\/11\/GMP-ISO-22716-2013-24-scaled.webp'><img loading=\"lazy\" decoding=\"async\" width=\"1811\" height=\"2560\" src=\"https:\/\/www.alfatasarim.net.tr\/jeomed\/wp-content\/uploads\/2025\/11\/GMP-ISO-22716-2013-24-scaled.webp\" class=\"attachment-full size-full\" alt=\"\" srcset=\"https:\/\/www.alfatasarim.net.tr\/jeomed\/wp-content\/uploads\/2025\/11\/GMP-ISO-22716-2013-24-scaled.webp 1811w, https:\/\/www.alfatasarim.net.tr\/jeomed\/wp-content\/uploads\/2025\/11\/GMP-ISO-22716-2013-24-212x300.webp 212w, https:\/\/www.alfatasarim.net.tr\/jeomed\/wp-content\/uploads\/2025\/11\/GMP-ISO-22716-2013-24-724x1024.webp 724w, https:\/\/www.alfatasarim.net.tr\/jeomed\/wp-content\/uploads\/2025\/11\/GMP-ISO-22716-2013-24-768x1086.webp 768w, https:\/\/www.alfatasarim.net.tr\/jeomed\/wp-content\/uploads\/2025\/11\/GMP-ISO-22716-2013-24-1087x1536.webp 1087w, https:\/\/www.alfatasarim.net.tr\/jeomed\/wp-content\/uploads\/2025\/11\/GMP-ISO-22716-2013-24-1449x2048.webp 1449w\" sizes=\"(max-width: 1811px) 100vw, 1811px\" \/><\/a>\n\t\t\t<\/div><\/figure><figure class='gallery-item'>\n\t\t\t<div class='gallery-icon portrait'>\n\t\t\t\t<a data-elementor-open-lightbox=\"yes\" data-elementor-lightbox-slideshow=\"08168f5\" data-elementor-lightbox-title=\"Jeomed 9001 2025\" data-e-action-hash=\"#elementor-action%3Aaction%3Dlightbox%26settings%3DeyJpZCI6ODM5LCJ1cmwiOiJodHRwczpcL1wvd3d3LmFsZmF0YXNhcmltLm5ldC50clwvamVvbWVkXC93cC1jb250ZW50XC91cGxvYWRzXC8yMDI1XC8xMVwvSmVvbWVkLTkwMDEtMjAyNS1zY2FsZWQud2VicCIsInNsaWRlc2hvdyI6IjA4MTY4ZjUifQ%3D%3D\" href='https:\/\/www.alfatasarim.net.tr\/jeomed\/wp-content\/uploads\/2025\/11\/Jeomed-9001-2025-scaled.webp'><img loading=\"lazy\" decoding=\"async\" width=\"1812\" height=\"2560\" src=\"https:\/\/www.alfatasarim.net.tr\/jeomed\/wp-content\/uploads\/2025\/11\/Jeomed-9001-2025-scaled.webp\" class=\"attachment-full size-full\" alt=\"\" srcset=\"https:\/\/www.alfatasarim.net.tr\/jeomed\/wp-content\/uploads\/2025\/11\/Jeomed-9001-2025-scaled.webp 1812w, https:\/\/www.alfatasarim.net.tr\/jeomed\/wp-content\/uploads\/2025\/11\/Jeomed-9001-2025-212x300.webp 212w, https:\/\/www.alfatasarim.net.tr\/jeomed\/wp-content\/uploads\/2025\/11\/Jeomed-9001-2025-725x1024.webp 725w, https:\/\/www.alfatasarim.net.tr\/jeomed\/wp-content\/uploads\/2025\/11\/Jeomed-9001-2025-768x1085.webp 768w, https:\/\/www.alfatasarim.net.tr\/jeomed\/wp-content\/uploads\/2025\/11\/Jeomed-9001-2025-1087x1536.webp 1087w, https:\/\/www.alfatasarim.net.tr\/jeomed\/wp-content\/uploads\/2025\/11\/Jeomed-9001-2025-1450x2048.webp 1450w\" sizes=\"(max-width: 1812px) 100vw, 1812px\" \/><\/a>\n\t\t\t<\/div><\/figure><figure class='gallery-item'>\n\t\t\t<div class='gallery-icon portrait'>\n\t\t\t\t<a data-elementor-open-lightbox=\"yes\" data-elementor-lightbox-slideshow=\"08168f5\" data-elementor-lightbox-title=\"Jeomed 13485 2025\" data-e-action-hash=\"#elementor-action%3Aaction%3Dlightbox%26settings%3DeyJpZCI6ODQzLCJ1cmwiOiJodHRwczpcL1wvd3d3LmFsZmF0YXNhcmltLm5ldC50clwvamVvbWVkXC93cC1jb250ZW50XC91cGxvYWRzXC8yMDI1XC8xMVwvSmVvbWVkLTEzNDg1LTIwMjUtc2NhbGVkLndlYnAiLCJzbGlkZXNob3ciOiIwODE2OGY1In0%3D\" href='https:\/\/www.alfatasarim.net.tr\/jeomed\/wp-content\/uploads\/2025\/11\/Jeomed-13485-2025-scaled.webp'><img loading=\"lazy\" decoding=\"async\" width=\"1812\" height=\"2560\" src=\"https:\/\/www.alfatasarim.net.tr\/jeomed\/wp-content\/uploads\/2025\/11\/Jeomed-13485-2025-scaled.webp\" class=\"attachment-full size-full\" alt=\"\" srcset=\"https:\/\/www.alfatasarim.net.tr\/jeomed\/wp-content\/uploads\/2025\/11\/Jeomed-13485-2025-scaled.webp 1812w, https:\/\/www.alfatasarim.net.tr\/jeomed\/wp-content\/uploads\/2025\/11\/Jeomed-13485-2025-212x300.webp 212w, https:\/\/www.alfatasarim.net.tr\/jeomed\/wp-content\/uploads\/2025\/11\/Jeomed-13485-2025-725x1024.webp 725w, https:\/\/www.alfatasarim.net.tr\/jeomed\/wp-content\/uploads\/2025\/11\/Jeomed-13485-2025-768x1085.webp 768w, https:\/\/www.alfatasarim.net.tr\/jeomed\/wp-content\/uploads\/2025\/11\/Jeomed-13485-2025-1087x1536.webp 1087w, https:\/\/www.alfatasarim.net.tr\/jeomed\/wp-content\/uploads\/2025\/11\/Jeomed-13485-2025-1450x2048.webp 1450w\" sizes=\"(max-width: 1812px) 100vw, 1812px\" \/><\/a>\n\t\t\t<\/div><\/figure>\n\t\t<\/div>\n\t\t<\/div>\n\t\t\t\t\t\t<\/div>\n\t\t\t\t<\/div>\n\t\t\t\t\t<\/div>\n\t\t<\/div>\n\t\t\t\t\t<\/div>\n\t\t<\/section>\n\t\t\t\t<\/div>\n\t\t","protected":false},"excerpt":{"rendered":"","protected":false},"author":1,"featured_media":0,"parent":661,"menu_order":0,"comment_status":"closed","ping_status":"closed","template":"","meta":{"_acf_changed":false,"inline_featured_image":false,"footnotes":""},"class_list":["post-668","page","type-page","status-publish","hentry"],"acf":[],"yoast_head":"<!-- This site is optimized with the Yoast SEO plugin v26.3 - https:\/\/yoast.com\/wordpress\/plugins\/seo\/ -->\n<title>Sertifikalar - JEOMED \u0130LA\u00c7 ve SA\u011eLIK \u00dcR\u00dcNLER\u0130 A.\u015e.<\/title>\n<meta name=\"robots\" content=\"index, follow, max-snippet:-1, max-image-preview:large, max-video-preview:-1\" \/>\n<link rel=\"canonical\" href=\"https:\/\/www.alfatasarim.net.tr\/jeomed\/kurumsal\/sertifikalar\/\" \/>\n<meta property=\"og:locale\" content=\"tr_TR\" \/>\n<meta property=\"og:type\" content=\"article\" \/>\n<meta property=\"og:title\" content=\"Sertifikalar - JEOMED \u0130LA\u00c7 ve SA\u011eLIK \u00dcR\u00dcNLER\u0130 A.\u015e.\" \/>\n<meta property=\"og:url\" content=\"https:\/\/www.alfatasarim.net.tr\/jeomed\/kurumsal\/sertifikalar\/\" \/>\n<meta property=\"og:site_name\" content=\"JEOMED \u0130LA\u00c7 ve SA\u011eLIK \u00dcR\u00dcNLER\u0130 A.\u015e.\" \/>\n<meta property=\"article:modified_time\" content=\"2025-11-21T13:09:09+00:00\" \/>\n<meta property=\"og:image\" content=\"https:\/\/www.alfatasarim.net.tr\/jeomed\/wp-content\/uploads\/2025\/11\/CPNP-SERTIFIKA-JEOMED-scaled.webp\" \/>\n<meta name=\"twitter:card\" content=\"summary_large_image\" \/>\n<meta name=\"twitter:label1\" content=\"Tahmini okuma s\u00fcresi\" \/>\n\t<meta name=\"twitter:data1\" content=\"2 dakika\" \/>\n<script type=\"application\/ld+json\" class=\"yoast-schema-graph\">{\"@context\":\"https:\/\/schema.org\",\"@graph\":[{\"@type\":\"WebPage\",\"@id\":\"https:\/\/www.alfatasarim.net.tr\/jeomed\/kurumsal\/sertifikalar\/\",\"url\":\"https:\/\/www.alfatasarim.net.tr\/jeomed\/kurumsal\/sertifikalar\/\",\"name\":\"Sertifikalar - JEOMED \u0130LA\u00c7 ve SA\u011eLIK \u00dcR\u00dcNLER\u0130 A.\u015e.\",\"isPartOf\":{\"@id\":\"https:\/\/www.alfatasarim.net.tr\/jeomed\/#website\"},\"primaryImageOfPage\":{\"@id\":\"https:\/\/www.alfatasarim.net.tr\/jeomed\/kurumsal\/sertifikalar\/#primaryimage\"},\"image\":{\"@id\":\"https:\/\/www.alfatasarim.net.tr\/jeomed\/kurumsal\/sertifikalar\/#primaryimage\"},\"thumbnailUrl\":\"https:\/\/www.alfatasarim.net.tr\/jeomed\/wp-content\/uploads\/2025\/11\/CPNP-SERTIFIKA-JEOMED-scaled.webp\",\"datePublished\":\"2025-11-04T09:29:20+00:00\",\"dateModified\":\"2025-11-21T13:09:09+00:00\",\"breadcrumb\":{\"@id\":\"https:\/\/www.alfatasarim.net.tr\/jeomed\/kurumsal\/sertifikalar\/#breadcrumb\"},\"inLanguage\":\"tr\",\"potentialAction\":[{\"@type\":\"ReadAction\",\"target\":[\"https:\/\/www.alfatasarim.net.tr\/jeomed\/kurumsal\/sertifikalar\/\"]}]},{\"@type\":\"ImageObject\",\"inLanguage\":\"tr\",\"@id\":\"https:\/\/www.alfatasarim.net.tr\/jeomed\/kurumsal\/sertifikalar\/#primaryimage\",\"url\":\"https:\/\/www.alfatasarim.net.tr\/jeomed\/wp-content\/uploads\/2025\/11\/CPNP-SERTIFIKA-JEOMED-scaled.webp\",\"contentUrl\":\"https:\/\/www.alfatasarim.net.tr\/jeomed\/wp-content\/uploads\/2025\/11\/CPNP-SERTIFIKA-JEOMED-scaled.webp\"},{\"@type\":\"BreadcrumbList\",\"@id\":\"https:\/\/www.alfatasarim.net.tr\/jeomed\/kurumsal\/sertifikalar\/#breadcrumb\",\"itemListElement\":[{\"@type\":\"ListItem\",\"position\":1,\"name\":\"Anasayfa\",\"item\":\"https:\/\/www.alfatasarim.net.tr\/jeomed\/\"},{\"@type\":\"ListItem\",\"position\":2,\"name\":\"KURUMSAL\",\"item\":\"https:\/\/www.alfatasarim.net.tr\/jeomed\/kurumsal\/\"},{\"@type\":\"ListItem\",\"position\":3,\"name\":\"Sertifikalar\"}]},{\"@type\":\"WebSite\",\"@id\":\"https:\/\/www.alfatasarim.net.tr\/jeomed\/#website\",\"url\":\"https:\/\/www.alfatasarim.net.tr\/jeomed\/\",\"name\":\"JEOMED \u0130LA\u00c7 ve SA\u011eLIK \u00dcR\u00dcNLER\u0130 A.\u015e.\",\"description\":\"Yenilik\u00e7i G\u00fc\u00e7, Global Ba\u015far\u0131\",\"publisher\":{\"@id\":\"https:\/\/www.alfatasarim.net.tr\/jeomed\/#organization\"},\"potentialAction\":[{\"@type\":\"SearchAction\",\"target\":{\"@type\":\"EntryPoint\",\"urlTemplate\":\"https:\/\/www.alfatasarim.net.tr\/jeomed\/?s={search_term_string}\"},\"query-input\":{\"@type\":\"PropertyValueSpecification\",\"valueRequired\":true,\"valueName\":\"search_term_string\"}}],\"inLanguage\":\"tr\"},{\"@type\":\"Organization\",\"@id\":\"https:\/\/www.alfatasarim.net.tr\/jeomed\/#organization\",\"name\":\"JEOMED \u0130LA\u00c7 ve SA\u011eLIK \u00dcR\u00dcNLER\u0130 A.\u015e.\",\"url\":\"https:\/\/www.alfatasarim.net.tr\/jeomed\/\",\"logo\":{\"@type\":\"ImageObject\",\"inLanguage\":\"tr\",\"@id\":\"https:\/\/www.alfatasarim.net.tr\/jeomed\/#\/schema\/logo\/image\/\",\"url\":\"https:\/\/www.alfatasarim.net.tr\/jeomed\/wp-content\/uploads\/2025\/10\/jeomed-logo-tto-1_1.jpg\",\"contentUrl\":\"https:\/\/www.alfatasarim.net.tr\/jeomed\/wp-content\/uploads\/2025\/10\/jeomed-logo-tto-1_1.jpg\",\"width\":628,\"height\":227,\"caption\":\"JEOMED \u0130LA\u00c7 ve SA\u011eLIK \u00dcR\u00dcNLER\u0130 A.\u015e.\"},\"image\":{\"@id\":\"https:\/\/www.alfatasarim.net.tr\/jeomed\/#\/schema\/logo\/image\/\"}}]}<\/script>\n<!-- \/ Yoast SEO plugin. -->","yoast_head_json":{"title":"Sertifikalar - JEOMED \u0130LA\u00c7 ve SA\u011eLIK \u00dcR\u00dcNLER\u0130 A.\u015e.","robots":{"index":"index","follow":"follow","max-snippet":"max-snippet:-1","max-image-preview":"max-image-preview:large","max-video-preview":"max-video-preview:-1"},"canonical":"https:\/\/www.alfatasarim.net.tr\/jeomed\/kurumsal\/sertifikalar\/","og_locale":"tr_TR","og_type":"article","og_title":"Sertifikalar - JEOMED \u0130LA\u00c7 ve SA\u011eLIK \u00dcR\u00dcNLER\u0130 A.\u015e.","og_url":"https:\/\/www.alfatasarim.net.tr\/jeomed\/kurumsal\/sertifikalar\/","og_site_name":"JEOMED \u0130LA\u00c7 ve SA\u011eLIK \u00dcR\u00dcNLER\u0130 A.\u015e.","article_modified_time":"2025-11-21T13:09:09+00:00","og_image":[{"url":"https:\/\/www.alfatasarim.net.tr\/jeomed\/wp-content\/uploads\/2025\/11\/CPNP-SERTIFIKA-JEOMED-scaled.webp","type":"","width":"","height":""}],"twitter_card":"summary_large_image","twitter_misc":{"Tahmini okuma s\u00fcresi":"2 dakika"},"schema":{"@context":"https:\/\/schema.org","@graph":[{"@type":"WebPage","@id":"https:\/\/www.alfatasarim.net.tr\/jeomed\/kurumsal\/sertifikalar\/","url":"https:\/\/www.alfatasarim.net.tr\/jeomed\/kurumsal\/sertifikalar\/","name":"Sertifikalar - JEOMED \u0130LA\u00c7 ve SA\u011eLIK \u00dcR\u00dcNLER\u0130 A.\u015e.","isPartOf":{"@id":"https:\/\/www.alfatasarim.net.tr\/jeomed\/#website"},"primaryImageOfPage":{"@id":"https:\/\/www.alfatasarim.net.tr\/jeomed\/kurumsal\/sertifikalar\/#primaryimage"},"image":{"@id":"https:\/\/www.alfatasarim.net.tr\/jeomed\/kurumsal\/sertifikalar\/#primaryimage"},"thumbnailUrl":"https:\/\/www.alfatasarim.net.tr\/jeomed\/wp-content\/uploads\/2025\/11\/CPNP-SERTIFIKA-JEOMED-scaled.webp","datePublished":"2025-11-04T09:29:20+00:00","dateModified":"2025-11-21T13:09:09+00:00","breadcrumb":{"@id":"https:\/\/www.alfatasarim.net.tr\/jeomed\/kurumsal\/sertifikalar\/#breadcrumb"},"inLanguage":"tr","potentialAction":[{"@type":"ReadAction","target":["https:\/\/www.alfatasarim.net.tr\/jeomed\/kurumsal\/sertifikalar\/"]}]},{"@type":"ImageObject","inLanguage":"tr","@id":"https:\/\/www.alfatasarim.net.tr\/jeomed\/kurumsal\/sertifikalar\/#primaryimage","url":"https:\/\/www.alfatasarim.net.tr\/jeomed\/wp-content\/uploads\/2025\/11\/CPNP-SERTIFIKA-JEOMED-scaled.webp","contentUrl":"https:\/\/www.alfatasarim.net.tr\/jeomed\/wp-content\/uploads\/2025\/11\/CPNP-SERTIFIKA-JEOMED-scaled.webp"},{"@type":"BreadcrumbList","@id":"https:\/\/www.alfatasarim.net.tr\/jeomed\/kurumsal\/sertifikalar\/#breadcrumb","itemListElement":[{"@type":"ListItem","position":1,"name":"Anasayfa","item":"https:\/\/www.alfatasarim.net.tr\/jeomed\/"},{"@type":"ListItem","position":2,"name":"KURUMSAL","item":"https:\/\/www.alfatasarim.net.tr\/jeomed\/kurumsal\/"},{"@type":"ListItem","position":3,"name":"Sertifikalar"}]},{"@type":"WebSite","@id":"https:\/\/www.alfatasarim.net.tr\/jeomed\/#website","url":"https:\/\/www.alfatasarim.net.tr\/jeomed\/","name":"JEOMED \u0130LA\u00c7 ve SA\u011eLIK \u00dcR\u00dcNLER\u0130 A.\u015e.","description":"Yenilik\u00e7i G\u00fc\u00e7, Global Ba\u015far\u0131","publisher":{"@id":"https:\/\/www.alfatasarim.net.tr\/jeomed\/#organization"},"potentialAction":[{"@type":"SearchAction","target":{"@type":"EntryPoint","urlTemplate":"https:\/\/www.alfatasarim.net.tr\/jeomed\/?s={search_term_string}"},"query-input":{"@type":"PropertyValueSpecification","valueRequired":true,"valueName":"search_term_string"}}],"inLanguage":"tr"},{"@type":"Organization","@id":"https:\/\/www.alfatasarim.net.tr\/jeomed\/#organization","name":"JEOMED \u0130LA\u00c7 ve SA\u011eLIK \u00dcR\u00dcNLER\u0130 A.\u015e.","url":"https:\/\/www.alfatasarim.net.tr\/jeomed\/","logo":{"@type":"ImageObject","inLanguage":"tr","@id":"https:\/\/www.alfatasarim.net.tr\/jeomed\/#\/schema\/logo\/image\/","url":"https:\/\/www.alfatasarim.net.tr\/jeomed\/wp-content\/uploads\/2025\/10\/jeomed-logo-tto-1_1.jpg","contentUrl":"https:\/\/www.alfatasarim.net.tr\/jeomed\/wp-content\/uploads\/2025\/10\/jeomed-logo-tto-1_1.jpg","width":628,"height":227,"caption":"JEOMED \u0130LA\u00c7 ve SA\u011eLIK \u00dcR\u00dcNLER\u0130 A.\u015e."},"image":{"@id":"https:\/\/www.alfatasarim.net.tr\/jeomed\/#\/schema\/logo\/image\/"}}]}},"_links":{"self":[{"href":"https:\/\/www.alfatasarim.net.tr\/jeomed\/wp-json\/wp\/v2\/pages\/668","targetHints":{"allow":["GET"]}}],"collection":[{"href":"https:\/\/www.alfatasarim.net.tr\/jeomed\/wp-json\/wp\/v2\/pages"}],"about":[{"href":"https:\/\/www.alfatasarim.net.tr\/jeomed\/wp-json\/wp\/v2\/types\/page"}],"author":[{"embeddable":true,"href":"https:\/\/www.alfatasarim.net.tr\/jeomed\/wp-json\/wp\/v2\/users\/1"}],"replies":[{"embeddable":true,"href":"https:\/\/www.alfatasarim.net.tr\/jeomed\/wp-json\/wp\/v2\/comments?post=668"}],"version-history":[{"count":5,"href":"https:\/\/www.alfatasarim.net.tr\/jeomed\/wp-json\/wp\/v2\/pages\/668\/revisions"}],"predecessor-version":[{"id":1768,"href":"https:\/\/www.alfatasarim.net.tr\/jeomed\/wp-json\/wp\/v2\/pages\/668\/revisions\/1768"}],"up":[{"embeddable":true,"href":"https:\/\/www.alfatasarim.net.tr\/jeomed\/wp-json\/wp\/v2\/pages\/661"}],"wp:attachment":[{"href":"https:\/\/www.alfatasarim.net.tr\/jeomed\/wp-json\/wp\/v2\/media?parent=668"}],"curies":[{"name":"wp","href":"https:\/\/api.w.org\/{rel}","templated":true}]}}