{"id":684,"date":"2025-11-04T09:30:08","date_gmt":"2025-11-04T09:30:08","guid":{"rendered":"https:\/\/www.alfatasarim.net.tr\/jeomed\/?page_id=684"},"modified":"2025-11-05T15:22:00","modified_gmt":"2025-11-05T15:22:00","slug":"kariyer","status":"publish","type":"page","link":"https:\/\/www.alfatasarim.net.tr\/jeomed\/kariyer\/","title":{"rendered":"Kariyer"},"content":{"rendered":"\t\t<div data-elementor-type=\"wp-page\" data-elementor-id=\"684\" class=\"elementor elementor-684\" data-elementor-post-type=\"page\">\n\t\t\t\t\t\t<section class=\"elementor-section elementor-top-section elementor-element elementor-element-96ba9ed pbmit-col-stretched-none pbmit-bg-color-over-image elementor-section-boxed elementor-section-height-default elementor-section-height-default\" data-id=\"96ba9ed\" data-element_type=\"section\">\n\t\t\t\t\t\t<div class=\"elementor-container elementor-column-gap-default\">\n\t\t\t\t\t<div class=\"elementor-column elementor-col-100 elementor-top-column elementor-element elementor-element-b4c9eb2 pbmit-bg-color-over-image\" data-id=\"b4c9eb2\" data-element_type=\"column\">\n\t\t\t<div class=\"elementor-widget-wrap elementor-element-populated\">\n\t\t\t\t\t\t<div class=\"elementor-element elementor-element-f47dec0 elementor-widget elementor-widget-text-editor\" data-id=\"f47dec0\" data-element_type=\"widget\" data-widget_type=\"text-editor.default\">\n\t\t\t\t<div class=\"elementor-widget-container\">\n\t\t\t\t\t\t\t\t\t<p data-start=\"315\" data-end=\"551\">Jeomed \u0130la\u00e7 ve Sa\u011fl\u0131k \u00dcr\u00fcnleri A.\u015e. olarak en b\u00fcy\u00fck g\u00fcc\u00fcm\u00fcz\u00fcn insan kayna\u011f\u0131m\u0131z oldu\u011funa inan\u0131yoruz. Ba\u015far\u0131lar\u0131m\u0131z\u0131n arkas\u0131nda, bilgi birikimi y\u00fcksek, yenili\u011fe a\u00e7\u0131k, tak\u0131m ruhuna sahip ve etik de\u011ferlere ba\u011fl\u0131 \u00e7al\u0131\u015fanlar\u0131m\u0131z yer al\u0131yor.<\/p><p data-start=\"553\" data-end=\"896\">Amac\u0131m\u0131z; \u00e7al\u0131\u015fanlar\u0131m\u0131z\u0131n geli\u015fimini destekleyen, s\u00fcrekli \u00f6\u011frenme ve payla\u015f\u0131m k\u00fclt\u00fcr\u00fcn\u00fc benimseyen, g\u00fcvene dayal\u0131 bir \u00e7al\u0131\u015fma ortam\u0131 olu\u015fturmakt\u0131r. Bu do\u011frultuda insan kaynaklar\u0131 politikam\u0131z; <strong data-start=\"746\" data-end=\"785\">do\u011fru i\u015fe do\u011fru insan\u0131 yerle\u015ftirmek<\/strong>, <strong data-start=\"787\" data-end=\"821\">\u00e7al\u0131\u015fan memnuniyetini art\u0131rmak<\/strong> ve <strong data-start=\"825\" data-end=\"875\">s\u00fcrd\u00fcr\u00fclebilir bir performans k\u00fclt\u00fcr\u00fc yaratmak<\/strong> \u00fczerine kuruludur.<\/p><h5 data-start=\"898\" data-end=\"934\"><strong data-start=\"902\" data-end=\"934\">\u0130\u015fe Al\u0131m ve Kariyer Geli\u015fimi<\/strong><\/h5><p data-start=\"936\" data-end=\"1273\">Jeomed\u2019de i\u015fe al\u0131m s\u00fcre\u00e7lerimiz, yetkinlik ve de\u011fer uyumu temelinde y\u00fcr\u00fct\u00fcl\u00fcr. \u015eirketimizde g\u00f6rev alan her bireyin, yaln\u0131zca mevcut pozisyonuna de\u011fil, gelecekteki potansiyeline de yat\u0131r\u0131m yapar\u0131z.<br data-start=\"1132\" data-end=\"1135\" \/>Kariyer planlama, e\u011fitim ve geli\u015fim programlar\u0131m\u0131zla \u00e7al\u0131\u015fanlar\u0131m\u0131z\u0131n profesyonel yolculuklar\u0131na y\u00f6n verir, onlar\u0131 her ad\u0131mda destekleriz.<\/p><h5 data-start=\"1275\" data-end=\"1313\"><strong data-start=\"1279\" data-end=\"1313\">\u00c7al\u0131\u015fan Deneyimi ve K\u00fclt\u00fcr\u00fcm\u00fcz<\/strong><\/h5><p data-start=\"1315\" data-end=\"1629\">Jeomed ailesinde herkesin sesinin duyuldu\u011fu, fikirlerin payla\u015f\u0131ld\u0131\u011f\u0131 ve ba\u015far\u0131lar\u0131n takdir edildi\u011fi bir k\u00fclt\u00fcr hakimdir. Yenilik\u00e7i, etik ve s\u00fcrd\u00fcr\u00fclebilir bir \u00e7al\u0131\u015fma anlay\u0131\u015f\u0131n\u0131 benimseyen ekibimizle birlikte; insan sa\u011fl\u0131\u011f\u0131na katk\u0131 sa\u011flayan \u00e7\u00f6z\u00fcmler \u00fcretirken, topluma ve \u00e7evreye duyarl\u0131 bir yakla\u015f\u0131m sergiliyoruz.<\/p><h5 data-start=\"1631\" data-end=\"1651\"><strong data-start=\"1635\" data-end=\"1651\">Bize Kat\u0131l\u0131n<\/strong><\/h5><p data-start=\"1653\" data-end=\"1880\">Siz de bilgiye, bilime ve insana de\u011fer veren bu yolculu\u011fun bir par\u00e7as\u0131 olmak isterseniz, <strong><a class=\"decorated-link cursor-pointer\" rel=\"noopener\" data-start=\"1742\" data-end=\"1795\">info@jeomed.com<\/a><\/strong>\u00a0adresine \u00f6zge\u00e7mi\u015finizi g\u00f6nderebilir veya a\u00e7\u0131k pozisyonlar\u0131m\u0131z\u0131 inceleyebilirsiniz.<\/p>\t\t\t\t\t\t\t\t<\/div>\n\t\t\t\t<\/div>\n\t\t\t\t\t<\/div>\n\t\t<\/div>\n\t\t\t\t\t<\/div>\n\t\t<\/section>\n\t\t\t\t<\/div>\n\t\t","protected":false},"excerpt":{"rendered":"<p>Jeomed \u0130la\u00e7 ve Sa\u011fl\u0131k \u00dcr\u00fcnleri A.\u015e. olarak en b\u00fcy\u00fck g\u00fcc\u00fcm\u00fcz\u00fcn insan kayna\u011f\u0131m\u0131z oldu\u011funa inan\u0131yoruz. Ba\u015far\u0131lar\u0131m\u0131z\u0131n arkas\u0131nda, bilgi birikimi y\u00fcksek, yenili\u011fe a\u00e7\u0131k, tak\u0131m ruhuna sahip ve etik de\u011ferlere ba\u011fl\u0131 \u00e7al\u0131\u015fanlar\u0131m\u0131z yer al\u0131yor. Amac\u0131m\u0131z; \u00e7al\u0131\u015fanlar\u0131m\u0131z\u0131n geli\u015fimini destekleyen, s\u00fcrekli \u00f6\u011frenme ve payla\u015f\u0131m k\u00fclt\u00fcr\u00fcn\u00fc benimseyen, g\u00fcvene dayal\u0131 bir \u00e7al\u0131\u015fma ortam\u0131 olu\u015fturmakt\u0131r. Bu do\u011frultuda insan kaynaklar\u0131 politikam\u0131z; do\u011fru i\u015fe do\u011fru [&hellip;]<\/p>\n","protected":false},"author":1,"featured_media":0,"parent":0,"menu_order":0,"comment_status":"closed","ping_status":"closed","template":"","meta":{"_acf_changed":false,"inline_featured_image":false,"footnotes":""},"class_list":["post-684","page","type-page","status-publish","hentry"],"acf":[],"yoast_head":"<!-- This site is optimized with the Yoast SEO plugin v26.3 - https:\/\/yoast.com\/wordpress\/plugins\/seo\/ -->\n<title>Kariyer - JEOMED \u0130LA\u00c7 ve SA\u011eLIK \u00dcR\u00dcNLER\u0130 A.\u015e.<\/title>\n<meta name=\"robots\" content=\"index, follow, max-snippet:-1, max-image-preview:large, max-video-preview:-1\" \/>\n<link rel=\"canonical\" href=\"https:\/\/www.alfatasarim.net.tr\/jeomed\/kariyer\/\" \/>\n<meta property=\"og:locale\" content=\"tr_TR\" \/>\n<meta property=\"og:type\" content=\"article\" \/>\n<meta property=\"og:title\" content=\"Kariyer - JEOMED \u0130LA\u00c7 ve SA\u011eLIK \u00dcR\u00dcNLER\u0130 A.\u015e.\" \/>\n<meta property=\"og:description\" content=\"Jeomed \u0130la\u00e7 ve Sa\u011fl\u0131k \u00dcr\u00fcnleri A.\u015e. olarak en b\u00fcy\u00fck g\u00fcc\u00fcm\u00fcz\u00fcn insan kayna\u011f\u0131m\u0131z oldu\u011funa inan\u0131yoruz. Ba\u015far\u0131lar\u0131m\u0131z\u0131n arkas\u0131nda, bilgi birikimi y\u00fcksek, yenili\u011fe a\u00e7\u0131k, tak\u0131m ruhuna sahip ve etik de\u011ferlere ba\u011fl\u0131 \u00e7al\u0131\u015fanlar\u0131m\u0131z yer al\u0131yor. Amac\u0131m\u0131z; \u00e7al\u0131\u015fanlar\u0131m\u0131z\u0131n geli\u015fimini destekleyen, s\u00fcrekli \u00f6\u011frenme ve payla\u015f\u0131m k\u00fclt\u00fcr\u00fcn\u00fc benimseyen, g\u00fcvene dayal\u0131 bir \u00e7al\u0131\u015fma ortam\u0131 olu\u015fturmakt\u0131r. Bu do\u011frultuda insan kaynaklar\u0131 politikam\u0131z; do\u011fru i\u015fe do\u011fru [&hellip;]\" \/>\n<meta property=\"og:url\" content=\"https:\/\/www.alfatasarim.net.tr\/jeomed\/kariyer\/\" \/>\n<meta property=\"og:site_name\" content=\"JEOMED \u0130LA\u00c7 ve SA\u011eLIK \u00dcR\u00dcNLER\u0130 A.\u015e.\" \/>\n<meta property=\"article:modified_time\" content=\"2025-11-05T15:22:00+00:00\" \/>\n<meta name=\"twitter:card\" content=\"summary_large_image\" \/>\n<meta name=\"twitter:label1\" content=\"Tahmini okuma s\u00fcresi\" \/>\n\t<meta name=\"twitter:data1\" content=\"2 dakika\" \/>\n<script type=\"application\/ld+json\" class=\"yoast-schema-graph\">{\"@context\":\"https:\/\/schema.org\",\"@graph\":[{\"@type\":\"WebPage\",\"@id\":\"https:\/\/www.alfatasarim.net.tr\/jeomed\/kariyer\/\",\"url\":\"https:\/\/www.alfatasarim.net.tr\/jeomed\/kariyer\/\",\"name\":\"Kariyer - JEOMED \u0130LA\u00c7 ve SA\u011eLIK \u00dcR\u00dcNLER\u0130 A.\u015e.\",\"isPartOf\":{\"@id\":\"https:\/\/www.alfatasarim.net.tr\/jeomed\/#website\"},\"datePublished\":\"2025-11-04T09:30:08+00:00\",\"dateModified\":\"2025-11-05T15:22:00+00:00\",\"breadcrumb\":{\"@id\":\"https:\/\/www.alfatasarim.net.tr\/jeomed\/kariyer\/#breadcrumb\"},\"inLanguage\":\"tr\",\"potentialAction\":[{\"@type\":\"ReadAction\",\"target\":[\"https:\/\/www.alfatasarim.net.tr\/jeomed\/kariyer\/\"]}]},{\"@type\":\"BreadcrumbList\",\"@id\":\"https:\/\/www.alfatasarim.net.tr\/jeomed\/kariyer\/#breadcrumb\",\"itemListElement\":[{\"@type\":\"ListItem\",\"position\":1,\"name\":\"Anasayfa\",\"item\":\"https:\/\/www.alfatasarim.net.tr\/jeomed\/\"},{\"@type\":\"ListItem\",\"position\":2,\"name\":\"Kariyer\"}]},{\"@type\":\"WebSite\",\"@id\":\"https:\/\/www.alfatasarim.net.tr\/jeomed\/#website\",\"url\":\"https:\/\/www.alfatasarim.net.tr\/jeomed\/\",\"name\":\"JEOMED \u0130LA\u00c7 ve SA\u011eLIK \u00dcR\u00dcNLER\u0130 A.\u015e.\",\"description\":\"Yenilik\u00e7i G\u00fc\u00e7, Global Ba\u015far\u0131\",\"publisher\":{\"@id\":\"https:\/\/www.alfatasarim.net.tr\/jeomed\/#organization\"},\"potentialAction\":[{\"@type\":\"SearchAction\",\"target\":{\"@type\":\"EntryPoint\",\"urlTemplate\":\"https:\/\/www.alfatasarim.net.tr\/jeomed\/?s={search_term_string}\"},\"query-input\":{\"@type\":\"PropertyValueSpecification\",\"valueRequired\":true,\"valueName\":\"search_term_string\"}}],\"inLanguage\":\"tr\"},{\"@type\":\"Organization\",\"@id\":\"https:\/\/www.alfatasarim.net.tr\/jeomed\/#organization\",\"name\":\"JEOMED \u0130LA\u00c7 ve SA\u011eLIK \u00dcR\u00dcNLER\u0130 A.\u015e.\",\"url\":\"https:\/\/www.alfatasarim.net.tr\/jeomed\/\",\"logo\":{\"@type\":\"ImageObject\",\"inLanguage\":\"tr\",\"@id\":\"https:\/\/www.alfatasarim.net.tr\/jeomed\/#\/schema\/logo\/image\/\",\"url\":\"https:\/\/www.alfatasarim.net.tr\/jeomed\/wp-content\/uploads\/2025\/10\/jeomed-logo-tto-1_1.jpg\",\"contentUrl\":\"https:\/\/www.alfatasarim.net.tr\/jeomed\/wp-content\/uploads\/2025\/10\/jeomed-logo-tto-1_1.jpg\",\"width\":628,\"height\":227,\"caption\":\"JEOMED \u0130LA\u00c7 ve SA\u011eLIK \u00dcR\u00dcNLER\u0130 A.\u015e.\"},\"image\":{\"@id\":\"https:\/\/www.alfatasarim.net.tr\/jeomed\/#\/schema\/logo\/image\/\"}}]}<\/script>\n<!-- \/ Yoast SEO plugin. -->","yoast_head_json":{"title":"Kariyer - JEOMED \u0130LA\u00c7 ve SA\u011eLIK \u00dcR\u00dcNLER\u0130 A.\u015e.","robots":{"index":"index","follow":"follow","max-snippet":"max-snippet:-1","max-image-preview":"max-image-preview:large","max-video-preview":"max-video-preview:-1"},"canonical":"https:\/\/www.alfatasarim.net.tr\/jeomed\/kariyer\/","og_locale":"tr_TR","og_type":"article","og_title":"Kariyer - JEOMED \u0130LA\u00c7 ve SA\u011eLIK \u00dcR\u00dcNLER\u0130 A.\u015e.","og_description":"Jeomed \u0130la\u00e7 ve Sa\u011fl\u0131k \u00dcr\u00fcnleri A.\u015e. olarak en b\u00fcy\u00fck g\u00fcc\u00fcm\u00fcz\u00fcn insan kayna\u011f\u0131m\u0131z oldu\u011funa inan\u0131yoruz. Ba\u015far\u0131lar\u0131m\u0131z\u0131n arkas\u0131nda, bilgi birikimi y\u00fcksek, yenili\u011fe a\u00e7\u0131k, tak\u0131m ruhuna sahip ve etik de\u011ferlere ba\u011fl\u0131 \u00e7al\u0131\u015fanlar\u0131m\u0131z yer al\u0131yor. Amac\u0131m\u0131z; \u00e7al\u0131\u015fanlar\u0131m\u0131z\u0131n geli\u015fimini destekleyen, s\u00fcrekli \u00f6\u011frenme ve payla\u015f\u0131m k\u00fclt\u00fcr\u00fcn\u00fc benimseyen, g\u00fcvene dayal\u0131 bir \u00e7al\u0131\u015fma ortam\u0131 olu\u015fturmakt\u0131r. Bu do\u011frultuda insan kaynaklar\u0131 politikam\u0131z; do\u011fru i\u015fe do\u011fru [&hellip;]","og_url":"https:\/\/www.alfatasarim.net.tr\/jeomed\/kariyer\/","og_site_name":"JEOMED \u0130LA\u00c7 ve SA\u011eLIK \u00dcR\u00dcNLER\u0130 A.\u015e.","article_modified_time":"2025-11-05T15:22:00+00:00","twitter_card":"summary_large_image","twitter_misc":{"Tahmini okuma s\u00fcresi":"2 dakika"},"schema":{"@context":"https:\/\/schema.org","@graph":[{"@type":"WebPage","@id":"https:\/\/www.alfatasarim.net.tr\/jeomed\/kariyer\/","url":"https:\/\/www.alfatasarim.net.tr\/jeomed\/kariyer\/","name":"Kariyer - JEOMED \u0130LA\u00c7 ve SA\u011eLIK \u00dcR\u00dcNLER\u0130 A.\u015e.","isPartOf":{"@id":"https:\/\/www.alfatasarim.net.tr\/jeomed\/#website"},"datePublished":"2025-11-04T09:30:08+00:00","dateModified":"2025-11-05T15:22:00+00:00","breadcrumb":{"@id":"https:\/\/www.alfatasarim.net.tr\/jeomed\/kariyer\/#breadcrumb"},"inLanguage":"tr","potentialAction":[{"@type":"ReadAction","target":["https:\/\/www.alfatasarim.net.tr\/jeomed\/kariyer\/"]}]},{"@type":"BreadcrumbList","@id":"https:\/\/www.alfatasarim.net.tr\/jeomed\/kariyer\/#breadcrumb","itemListElement":[{"@type":"ListItem","position":1,"name":"Anasayfa","item":"https:\/\/www.alfatasarim.net.tr\/jeomed\/"},{"@type":"ListItem","position":2,"name":"Kariyer"}]},{"@type":"WebSite","@id":"https:\/\/www.alfatasarim.net.tr\/jeomed\/#website","url":"https:\/\/www.alfatasarim.net.tr\/jeomed\/","name":"JEOMED \u0130LA\u00c7 ve SA\u011eLIK \u00dcR\u00dcNLER\u0130 A.\u015e.","description":"Yenilik\u00e7i G\u00fc\u00e7, Global Ba\u015far\u0131","publisher":{"@id":"https:\/\/www.alfatasarim.net.tr\/jeomed\/#organization"},"potentialAction":[{"@type":"SearchAction","target":{"@type":"EntryPoint","urlTemplate":"https:\/\/www.alfatasarim.net.tr\/jeomed\/?s={search_term_string}"},"query-input":{"@type":"PropertyValueSpecification","valueRequired":true,"valueName":"search_term_string"}}],"inLanguage":"tr"},{"@type":"Organization","@id":"https:\/\/www.alfatasarim.net.tr\/jeomed\/#organization","name":"JEOMED \u0130LA\u00c7 ve SA\u011eLIK \u00dcR\u00dcNLER\u0130 A.\u015e.","url":"https:\/\/www.alfatasarim.net.tr\/jeomed\/","logo":{"@type":"ImageObject","inLanguage":"tr","@id":"https:\/\/www.alfatasarim.net.tr\/jeomed\/#\/schema\/logo\/image\/","url":"https:\/\/www.alfatasarim.net.tr\/jeomed\/wp-content\/uploads\/2025\/10\/jeomed-logo-tto-1_1.jpg","contentUrl":"https:\/\/www.alfatasarim.net.tr\/jeomed\/wp-content\/uploads\/2025\/10\/jeomed-logo-tto-1_1.jpg","width":628,"height":227,"caption":"JEOMED \u0130LA\u00c7 ve SA\u011eLIK \u00dcR\u00dcNLER\u0130 A.\u015e."},"image":{"@id":"https:\/\/www.alfatasarim.net.tr\/jeomed\/#\/schema\/logo\/image\/"}}]}},"_links":{"self":[{"href":"https:\/\/www.alfatasarim.net.tr\/jeomed\/wp-json\/wp\/v2\/pages\/684","targetHints":{"allow":["GET"]}}],"collection":[{"href":"https:\/\/www.alfatasarim.net.tr\/jeomed\/wp-json\/wp\/v2\/pages"}],"about":[{"href":"https:\/\/www.alfatasarim.net.tr\/jeomed\/wp-json\/wp\/v2\/types\/page"}],"author":[{"embeddable":true,"href":"https:\/\/www.alfatasarim.net.tr\/jeomed\/wp-json\/wp\/v2\/users\/1"}],"replies":[{"embeddable":true,"href":"https:\/\/www.alfatasarim.net.tr\/jeomed\/wp-json\/wp\/v2\/comments?post=684"}],"version-history":[{"count":7,"href":"https:\/\/www.alfatasarim.net.tr\/jeomed\/wp-json\/wp\/v2\/pages\/684\/revisions"}],"predecessor-version":[{"id":1335,"href":"https:\/\/www.alfatasarim.net.tr\/jeomed\/wp-json\/wp\/v2\/pages\/684\/revisions\/1335"}],"wp:attachment":[{"href":"https:\/\/www.alfatasarim.net.tr\/jeomed\/wp-json\/wp\/v2\/media?parent=684"}],"curies":[{"name":"wp","href":"https:\/\/api.w.org\/{rel}","templated":true}]}}