{"id":687,"date":"2025-11-04T09:30:21","date_gmt":"2025-11-04T09:30:21","guid":{"rendered":"https:\/\/www.alfatasarim.net.tr\/jeomed\/?page_id=687"},"modified":"2025-11-06T15:03:18","modified_gmt":"2025-11-06T15:03:18","slug":"yetkili-saticilar","status":"publish","type":"page","link":"https:\/\/www.alfatasarim.net.tr\/jeomed\/yetkili-saticilar\/","title":{"rendered":"Yetkili Sat\u0131c\u0131lar"},"content":{"rendered":"\t\t<div data-elementor-type=\"wp-page\" data-elementor-id=\"687\" class=\"elementor elementor-687\" data-elementor-post-type=\"page\">\n\t\t\t\t\t\t<section class=\"elementor-section elementor-top-section elementor-element elementor-element-85e6fa3 pbmit-col-stretched-none pbmit-bg-color-over-image elementor-section-boxed elementor-section-height-default elementor-section-height-default\" data-id=\"85e6fa3\" data-element_type=\"section\">\n\t\t\t\t\t\t<div class=\"elementor-container elementor-column-gap-default\">\n\t\t\t\t\t<div class=\"elementor-column elementor-col-100 elementor-top-column elementor-element elementor-element-ccd5b54 pbmit-bg-color-over-image\" data-id=\"ccd5b54\" data-element_type=\"column\">\n\t\t\t<div class=\"elementor-widget-wrap\">\n\t\t\t\t\t\t\t<\/div>\n\t\t<\/div>\n\t\t\t\t\t<\/div>\n\t\t<\/section>\n\t\t\t\t<section class=\"elementor-section elementor-top-section elementor-element elementor-element-281a794 pbmit-col-stretched-none pbmit-bg-color-over-image elementor-section-boxed elementor-section-height-default elementor-section-height-default\" data-id=\"281a794\" data-element_type=\"section\">\n\t\t\t\t\t\t<div class=\"elementor-container elementor-column-gap-default\">\n\t\t\t\t\t<div class=\"elementor-column elementor-col-100 elementor-top-column elementor-element elementor-element-4c0cb3f pbmit-bg-color-over-image\" data-id=\"4c0cb3f\" data-element_type=\"column\">\n\t\t\t<div class=\"elementor-widget-wrap elementor-element-populated\">\n\t\t\t\t\t\t<div class=\"elementor-element elementor-element-8623f65 elementor-widget elementor-widget-pbmit_tabs_element\" data-id=\"8623f65\" data-element_type=\"widget\" data-widget_type=\"pbmit_tabs_element.default\">\n\t\t\t\t<div class=\"elementor-widget-container\">\n\t\t\t\t\t\t\t<div class=\"pbmit-ele-header-area\">\r\n\t\t\t <div class=\"pbmit-heading-subheading  animation-style4\"><\/div>\t\t<\/div>\r\n\t\t<div class=\"pbmit-tabs\">\r\n\t\t\t\t\t\t<ul class=\"pbmit-tabs-heading\">\r\n\t\t\t\t\t\t\t\t\t\t\t\t\t<li class=\"pbmit-tab-link pbmit-tab-li-active\" data-pbmit-tab=\"1\"><span>TTO SHOPLAR<\/span><i class=\"pbmit-base-icon-pbmit-up-arrow\"><\/i><\/li>\r\n\t\t\t\t\t\t\t\t\t\t\t\t\t<li class=\"pbmit-tab-link \" data-pbmit-tab=\"2\"><span>ONL\u0130NE SATI\u015e KANALLARIMIZ<\/span><i class=\"pbmit-base-icon-pbmit-up-arrow\"><\/i><\/li>\r\n\t\t\t\t\t\t\t\t\t\t\t\t\t<li class=\"pbmit-tab-link \" data-pbmit-tab=\"3\"><span>YETK\u0130L\u0130 ECZANELER<\/span><i class=\"pbmit-base-icon-pbmit-up-arrow\"><\/i><\/li>\r\n\t\t\t\t\t\t\t\t\t\t\t\t\t<li class=\"pbmit-tab-link \" data-pbmit-tab=\"4\"><span>FABR\u0130KA SATI\u015e MA\u011eAZASI<\/span><i class=\"pbmit-base-icon-pbmit-up-arrow\"><\/i><\/li>\r\n\t\t\t\t\t\t\t<\/ul>\r\n\t\t\t<div class=\"pbmit-tab-content-wrapper\">\r\n\t\t\t\t\t\t\t\t\t\t\t\t\t\t<div class=\"pbmit-tab-content pbmit-tab-content-1 pbmit-tab-active\">\r\n\t\t\t\t\t\t<div class=\"pbmit-tab-content-title\" data-pbmit-tab=\"1\">TTO SHOPLAR<i class=\"pbmit-base-icon-pbmit-up-arrow\"><\/i><\/div>\r\n\t\t\t\t\t\t<div class=\"pbmit-tab-content-inner\">\r\n\t\t\t\t\t\t\t<h5><strong>ANATOL\u0130UM AVM TTO SHOP<\/strong><\/h5><p>Aksemsettin Mah. 2308 Sok 1, 1A 2 Blok, No1 P1, 06480 Mamak\/Ankara (Anatolium Avm)<\/p><h5><strong>BEYTEPE 1923 TTO SHOP<\/strong><\/h5><p>Beytepe Mah. 5388. Sokak No: 1 C-58 \u00c7ankaya\/Ankara<\/p><h5><strong>TUNA L\u0130FE CENTER TTO SHOP<\/strong><\/h5><p>Mimarsinan Mahallesi, Ba\u011f\u0131\u015fl\u0131 Sokak, No:5<br \/>38020 \u2013 Kocasinan \/ Kayseri<\/p>\t\t\t\t\t\t<\/div>\r\n\t\t\t\t\t<\/div>\r\n\t\t\t\t\t\t\t\t\t\t\t\t\t\t<div class=\"pbmit-tab-content pbmit-tab-content-2 \">\r\n\t\t\t\t\t\t<div class=\"pbmit-tab-content-title\" data-pbmit-tab=\"2\">ONL\u0130NE SATI\u015e KANALLARIMIZ<i class=\"pbmit-base-icon-pbmit-up-arrow\"><\/i><\/div>\r\n\t\t\t\t\t\t<div class=\"pbmit-tab-content-inner\">\r\n\t\t\t\t\t\t\t<ul><li><h6><a href=\"https:\/\/www.trendyol.com\/magaza\/tto-jeomed-m-287195?channelId=1&amp;s st=0\" target=\"_blank\" rel=\"noopener\">Trendyol<\/a><\/h6><\/li><li><h6><a href=\"https:\/\/www.pttavm.com\/magaza\/ttojeomed?srsltid=AfmBOood2lbk6PIa2 jplqAWm3nEwX4Pqx9zF7uMz5C7MUAOpv1Z31oqD\" target=\"_blank\" rel=\"noopener\">Pttavm<\/a><\/h6><\/li><li><h6><a href=\"https:\/\/www.idefix.com\/satici\/jeomed-3494?srsltid=AfmBOooPYfCrxVXH VbownD2RbcXBS9RING3IMmF9Bz6xQ5JWSqN-nsKV\" target=\"_blank\" rel=\"noopener\">\u0130defix<\/a><\/h6><\/li><li><h6><a href=\"https:\/\/www.hepsiburada.com\/magaza\/tto-jeomed\" target=\"_blank\" rel=\"noopener\">Hepsiburada<\/a><\/h6><\/li><li><h6><a href=\"https:\/\/www.pazarama.com\/magaza\/tto-jeomed\" target=\"_blank\" rel=\"noopener\">Pazarama<\/a><\/h6><\/li><li><h6><a href=\"https:\/\/tr29125926750pmmp.fm.alibaba.com\/tr_TR\/index.html\" target=\"_blank\" rel=\"noopener\">Alibaba<\/a><\/h6><\/li><li><h6><a href=\"https:\/\/tto.com.tr\/\" target=\"_blank\" rel=\"noopener\">E-Ticaret<\/a><\/h6><\/li><\/ul><h6>\u00a0<\/h6>\t\t\t\t\t\t<\/div>\r\n\t\t\t\t\t<\/div>\r\n\t\t\t\t\t\t\t\t\t\t\t\t\t\t<div class=\"pbmit-tab-content pbmit-tab-content-3 \">\r\n\t\t\t\t\t\t<div class=\"pbmit-tab-content-title\" data-pbmit-tab=\"3\">YETK\u0130L\u0130 ECZANELER<i class=\"pbmit-base-icon-pbmit-up-arrow\"><\/i><\/div>\r\n\t\t\t\t\t\t<div class=\"pbmit-tab-content-inner\">\r\n\t\t\t\t\t\t\t<div class=\"divTable\"><div class=\"thead\"><div class=\"row\"><h5 class=\"header\">Eczane listesi i\u00e7in l\u00fctfen <a href=\"https:\/\/www.alfatasarim.net.tr\/jeomed\/wp-content\/uploads\/2025\/11\/yetkilieczanaeler.pdf\" target=\"_blank\" rel=\"noopener\">t\u0131klay\u0131n\u0131z<\/a>...<\/h5><\/div><\/div><\/div>\t\t\t\t\t\t<\/div>\r\n\t\t\t\t\t<\/div>\r\n\t\t\t\t\t\t\t\t\t\t\t\t\t\t<div class=\"pbmit-tab-content pbmit-tab-content-4 \">\r\n\t\t\t\t\t\t<div class=\"pbmit-tab-content-title\" data-pbmit-tab=\"4\">FABR\u0130KA SATI\u015e MA\u011eAZASI<i class=\"pbmit-base-icon-pbmit-up-arrow\"><\/i><\/div>\r\n\t\t\t\t\t\t<div class=\"pbmit-tab-content-inner\">\r\n\t\t\t\t\t\t\t<h6>Bah\u00e7ekap\u0131 Mah. Sanayi Blv. No: 45\/A, 06797 Etimesgut\/Ankara (09:00-17:00)<\/h6><h6><strong><a href=\"https:\/\/www.google.com\/maps\/place\/TTO+Fabrika+Sat%C4%B1%C5%9F+Ma%C4%9Fazas%C4%B1\/@39.9336482,32.710707,17z\/data=!4m14!1m7!3m6!1s0x14d3372f5a799f57:0x82fe9ff63b4c80e!2zVFRPIEZhYnJpa2EgU2F0xLHFnyBNYcSfYXphc8Sx!8m2!3d39.9336441!4d32.7132819!16s%2Fg%2F11x6p39cgl!3m5!1s0x14d3372f5a799f57:0x82fe9ff63b4c80e!8m2!3d39.9336441!4d32.7132819!16s%2Fg%2F11x6p39cgl?entry=ttu&amp;g_ep=EgoyMDI1MTAyOS4yIKXMDSoASAFQAw%3D%3D\">Yol Tarifi<\/a><\/strong><\/h6>\t\t\t\t\t\t<\/div>\r\n\t\t\t\t\t<\/div>\r\n\t\t\t\t\t\t\t<\/div>\r\n\t\t\t\t\t<\/div>\r\n\t\t\t\t\t\t<\/div>\n\t\t\t\t<\/div>\n\t\t\t\t\t<\/div>\n\t\t<\/div>\n\t\t\t\t\t<\/div>\n\t\t<\/section>\n\t\t\t\t<\/div>\n\t\t","protected":false},"excerpt":{"rendered":"<p>TTO SHOPLAR ONL\u0130NE SATI\u015e KANALLARIMIZ YETK\u0130L\u0130 ECZANELER FABR\u0130KA SATI\u015e MA\u011eAZASI TTO SHOPLAR ANATOL\u0130UM AVM TTO SHOP Aksemsettin Mah. 2308 Sok 1, 1A 2 Blok, No1 P1, 06480 Mamak\/Ankara (Anatolium Avm) BEYTEPE 1923 TTO SHOP Beytepe Mah. 5388. Sokak No: 1 C-58 \u00c7ankaya\/Ankara TUNA L\u0130FE CENTER TTO SHOP Mimarsinan Mahallesi, Ba\u011f\u0131\u015fl\u0131 Sokak, No:538020 \u2013 Kocasinan \/ [&hellip;]<\/p>\n","protected":false},"author":1,"featured_media":0,"parent":0,"menu_order":0,"comment_status":"closed","ping_status":"closed","template":"","meta":{"_acf_changed":false,"inline_featured_image":false,"footnotes":""},"class_list":["post-687","page","type-page","status-publish","hentry"],"acf":[],"yoast_head":"<!-- This site is optimized with the Yoast SEO plugin v26.3 - https:\/\/yoast.com\/wordpress\/plugins\/seo\/ -->\n<title>Yetkili Sat\u0131c\u0131lar - JEOMED \u0130LA\u00c7 ve SA\u011eLIK \u00dcR\u00dcNLER\u0130 A.\u015e.<\/title>\n<meta name=\"robots\" content=\"index, follow, max-snippet:-1, max-image-preview:large, max-video-preview:-1\" \/>\n<link rel=\"canonical\" href=\"https:\/\/www.alfatasarim.net.tr\/jeomed\/yetkili-saticilar\/\" \/>\n<meta property=\"og:locale\" content=\"tr_TR\" \/>\n<meta property=\"og:type\" content=\"article\" \/>\n<meta property=\"og:title\" content=\"Yetkili Sat\u0131c\u0131lar - JEOMED \u0130LA\u00c7 ve SA\u011eLIK \u00dcR\u00dcNLER\u0130 A.\u015e.\" \/>\n<meta property=\"og:description\" content=\"TTO SHOPLAR ONL\u0130NE SATI\u015e KANALLARIMIZ YETK\u0130L\u0130 ECZANELER FABR\u0130KA SATI\u015e MA\u011eAZASI TTO SHOPLAR ANATOL\u0130UM AVM TTO SHOP Aksemsettin Mah. 2308 Sok 1, 1A 2 Blok, No1 P1, 06480 Mamak\/Ankara (Anatolium Avm) BEYTEPE 1923 TTO SHOP Beytepe Mah. 5388. Sokak No: 1 C-58 \u00c7ankaya\/Ankara TUNA L\u0130FE CENTER TTO SHOP Mimarsinan Mahallesi, Ba\u011f\u0131\u015fl\u0131 Sokak, No:538020 \u2013 Kocasinan \/ [&hellip;]\" \/>\n<meta property=\"og:url\" content=\"https:\/\/www.alfatasarim.net.tr\/jeomed\/yetkili-saticilar\/\" \/>\n<meta property=\"og:site_name\" content=\"JEOMED \u0130LA\u00c7 ve SA\u011eLIK \u00dcR\u00dcNLER\u0130 A.\u015e.\" \/>\n<meta property=\"article:modified_time\" content=\"2025-11-06T15:03:18+00:00\" \/>\n<meta name=\"twitter:card\" content=\"summary_large_image\" \/>\n<meta name=\"twitter:label1\" content=\"Tahmini okuma s\u00fcresi\" \/>\n\t<meta name=\"twitter:data1\" content=\"1 dakika\" \/>\n<script type=\"application\/ld+json\" class=\"yoast-schema-graph\">{\"@context\":\"https:\/\/schema.org\",\"@graph\":[{\"@type\":\"WebPage\",\"@id\":\"https:\/\/www.alfatasarim.net.tr\/jeomed\/yetkili-saticilar\/\",\"url\":\"https:\/\/www.alfatasarim.net.tr\/jeomed\/yetkili-saticilar\/\",\"name\":\"Yetkili Sat\u0131c\u0131lar - JEOMED \u0130LA\u00c7 ve SA\u011eLIK \u00dcR\u00dcNLER\u0130 A.\u015e.\",\"isPartOf\":{\"@id\":\"https:\/\/www.alfatasarim.net.tr\/jeomed\/#website\"},\"datePublished\":\"2025-11-04T09:30:21+00:00\",\"dateModified\":\"2025-11-06T15:03:18+00:00\",\"breadcrumb\":{\"@id\":\"https:\/\/www.alfatasarim.net.tr\/jeomed\/yetkili-saticilar\/#breadcrumb\"},\"inLanguage\":\"tr\",\"potentialAction\":[{\"@type\":\"ReadAction\",\"target\":[\"https:\/\/www.alfatasarim.net.tr\/jeomed\/yetkili-saticilar\/\"]}]},{\"@type\":\"BreadcrumbList\",\"@id\":\"https:\/\/www.alfatasarim.net.tr\/jeomed\/yetkili-saticilar\/#breadcrumb\",\"itemListElement\":[{\"@type\":\"ListItem\",\"position\":1,\"name\":\"Anasayfa\",\"item\":\"https:\/\/www.alfatasarim.net.tr\/jeomed\/\"},{\"@type\":\"ListItem\",\"position\":2,\"name\":\"Yetkili Sat\u0131c\u0131lar\"}]},{\"@type\":\"WebSite\",\"@id\":\"https:\/\/www.alfatasarim.net.tr\/jeomed\/#website\",\"url\":\"https:\/\/www.alfatasarim.net.tr\/jeomed\/\",\"name\":\"JEOMED \u0130LA\u00c7 ve SA\u011eLIK \u00dcR\u00dcNLER\u0130 A.\u015e.\",\"description\":\"Yenilik\u00e7i G\u00fc\u00e7, Global Ba\u015far\u0131\",\"publisher\":{\"@id\":\"https:\/\/www.alfatasarim.net.tr\/jeomed\/#organization\"},\"potentialAction\":[{\"@type\":\"SearchAction\",\"target\":{\"@type\":\"EntryPoint\",\"urlTemplate\":\"https:\/\/www.alfatasarim.net.tr\/jeomed\/?s={search_term_string}\"},\"query-input\":{\"@type\":\"PropertyValueSpecification\",\"valueRequired\":true,\"valueName\":\"search_term_string\"}}],\"inLanguage\":\"tr\"},{\"@type\":\"Organization\",\"@id\":\"https:\/\/www.alfatasarim.net.tr\/jeomed\/#organization\",\"name\":\"JEOMED \u0130LA\u00c7 ve SA\u011eLIK \u00dcR\u00dcNLER\u0130 A.\u015e.\",\"url\":\"https:\/\/www.alfatasarim.net.tr\/jeomed\/\",\"logo\":{\"@type\":\"ImageObject\",\"inLanguage\":\"tr\",\"@id\":\"https:\/\/www.alfatasarim.net.tr\/jeomed\/#\/schema\/logo\/image\/\",\"url\":\"https:\/\/www.alfatasarim.net.tr\/jeomed\/wp-content\/uploads\/2025\/10\/jeomed-logo-tto-1_1.jpg\",\"contentUrl\":\"https:\/\/www.alfatasarim.net.tr\/jeomed\/wp-content\/uploads\/2025\/10\/jeomed-logo-tto-1_1.jpg\",\"width\":628,\"height\":227,\"caption\":\"JEOMED \u0130LA\u00c7 ve SA\u011eLIK \u00dcR\u00dcNLER\u0130 A.\u015e.\"},\"image\":{\"@id\":\"https:\/\/www.alfatasarim.net.tr\/jeomed\/#\/schema\/logo\/image\/\"}}]}<\/script>\n<!-- \/ Yoast SEO plugin. -->","yoast_head_json":{"title":"Yetkili Sat\u0131c\u0131lar - JEOMED \u0130LA\u00c7 ve SA\u011eLIK \u00dcR\u00dcNLER\u0130 A.\u015e.","robots":{"index":"index","follow":"follow","max-snippet":"max-snippet:-1","max-image-preview":"max-image-preview:large","max-video-preview":"max-video-preview:-1"},"canonical":"https:\/\/www.alfatasarim.net.tr\/jeomed\/yetkili-saticilar\/","og_locale":"tr_TR","og_type":"article","og_title":"Yetkili Sat\u0131c\u0131lar - JEOMED \u0130LA\u00c7 ve SA\u011eLIK \u00dcR\u00dcNLER\u0130 A.\u015e.","og_description":"TTO SHOPLAR ONL\u0130NE SATI\u015e KANALLARIMIZ YETK\u0130L\u0130 ECZANELER FABR\u0130KA SATI\u015e MA\u011eAZASI TTO SHOPLAR ANATOL\u0130UM AVM TTO SHOP Aksemsettin Mah. 2308 Sok 1, 1A 2 Blok, No1 P1, 06480 Mamak\/Ankara (Anatolium Avm) BEYTEPE 1923 TTO SHOP Beytepe Mah. 5388. Sokak No: 1 C-58 \u00c7ankaya\/Ankara TUNA L\u0130FE CENTER TTO SHOP Mimarsinan Mahallesi, Ba\u011f\u0131\u015fl\u0131 Sokak, No:538020 \u2013 Kocasinan \/ [&hellip;]","og_url":"https:\/\/www.alfatasarim.net.tr\/jeomed\/yetkili-saticilar\/","og_site_name":"JEOMED \u0130LA\u00c7 ve SA\u011eLIK \u00dcR\u00dcNLER\u0130 A.\u015e.","article_modified_time":"2025-11-06T15:03:18+00:00","twitter_card":"summary_large_image","twitter_misc":{"Tahmini okuma s\u00fcresi":"1 dakika"},"schema":{"@context":"https:\/\/schema.org","@graph":[{"@type":"WebPage","@id":"https:\/\/www.alfatasarim.net.tr\/jeomed\/yetkili-saticilar\/","url":"https:\/\/www.alfatasarim.net.tr\/jeomed\/yetkili-saticilar\/","name":"Yetkili Sat\u0131c\u0131lar - JEOMED \u0130LA\u00c7 ve SA\u011eLIK \u00dcR\u00dcNLER\u0130 A.\u015e.","isPartOf":{"@id":"https:\/\/www.alfatasarim.net.tr\/jeomed\/#website"},"datePublished":"2025-11-04T09:30:21+00:00","dateModified":"2025-11-06T15:03:18+00:00","breadcrumb":{"@id":"https:\/\/www.alfatasarim.net.tr\/jeomed\/yetkili-saticilar\/#breadcrumb"},"inLanguage":"tr","potentialAction":[{"@type":"ReadAction","target":["https:\/\/www.alfatasarim.net.tr\/jeomed\/yetkili-saticilar\/"]}]},{"@type":"BreadcrumbList","@id":"https:\/\/www.alfatasarim.net.tr\/jeomed\/yetkili-saticilar\/#breadcrumb","itemListElement":[{"@type":"ListItem","position":1,"name":"Anasayfa","item":"https:\/\/www.alfatasarim.net.tr\/jeomed\/"},{"@type":"ListItem","position":2,"name":"Yetkili Sat\u0131c\u0131lar"}]},{"@type":"WebSite","@id":"https:\/\/www.alfatasarim.net.tr\/jeomed\/#website","url":"https:\/\/www.alfatasarim.net.tr\/jeomed\/","name":"JEOMED \u0130LA\u00c7 ve SA\u011eLIK \u00dcR\u00dcNLER\u0130 A.\u015e.","description":"Yenilik\u00e7i G\u00fc\u00e7, Global Ba\u015far\u0131","publisher":{"@id":"https:\/\/www.alfatasarim.net.tr\/jeomed\/#organization"},"potentialAction":[{"@type":"SearchAction","target":{"@type":"EntryPoint","urlTemplate":"https:\/\/www.alfatasarim.net.tr\/jeomed\/?s={search_term_string}"},"query-input":{"@type":"PropertyValueSpecification","valueRequired":true,"valueName":"search_term_string"}}],"inLanguage":"tr"},{"@type":"Organization","@id":"https:\/\/www.alfatasarim.net.tr\/jeomed\/#organization","name":"JEOMED \u0130LA\u00c7 ve SA\u011eLIK \u00dcR\u00dcNLER\u0130 A.\u015e.","url":"https:\/\/www.alfatasarim.net.tr\/jeomed\/","logo":{"@type":"ImageObject","inLanguage":"tr","@id":"https:\/\/www.alfatasarim.net.tr\/jeomed\/#\/schema\/logo\/image\/","url":"https:\/\/www.alfatasarim.net.tr\/jeomed\/wp-content\/uploads\/2025\/10\/jeomed-logo-tto-1_1.jpg","contentUrl":"https:\/\/www.alfatasarim.net.tr\/jeomed\/wp-content\/uploads\/2025\/10\/jeomed-logo-tto-1_1.jpg","width":628,"height":227,"caption":"JEOMED \u0130LA\u00c7 ve SA\u011eLIK \u00dcR\u00dcNLER\u0130 A.\u015e."},"image":{"@id":"https:\/\/www.alfatasarim.net.tr\/jeomed\/#\/schema\/logo\/image\/"}}]}},"_links":{"self":[{"href":"https:\/\/www.alfatasarim.net.tr\/jeomed\/wp-json\/wp\/v2\/pages\/687","targetHints":{"allow":["GET"]}}],"collection":[{"href":"https:\/\/www.alfatasarim.net.tr\/jeomed\/wp-json\/wp\/v2\/pages"}],"about":[{"href":"https:\/\/www.alfatasarim.net.tr\/jeomed\/wp-json\/wp\/v2\/types\/page"}],"author":[{"embeddable":true,"href":"https:\/\/www.alfatasarim.net.tr\/jeomed\/wp-json\/wp\/v2\/users\/1"}],"replies":[{"embeddable":true,"href":"https:\/\/www.alfatasarim.net.tr\/jeomed\/wp-json\/wp\/v2\/comments?post=687"}],"version-history":[{"count":67,"href":"https:\/\/www.alfatasarim.net.tr\/jeomed\/wp-json\/wp\/v2\/pages\/687\/revisions"}],"predecessor-version":[{"id":1568,"href":"https:\/\/www.alfatasarim.net.tr\/jeomed\/wp-json\/wp\/v2\/pages\/687\/revisions\/1568"}],"wp:attachment":[{"href":"https:\/\/www.alfatasarim.net.tr\/jeomed\/wp-json\/wp\/v2\/media?parent=687"}],"curies":[{"name":"wp","href":"https:\/\/api.w.org\/{rel}","templated":true}]}}